{"id":715,"date":"2025-09-23T15:12:29","date_gmt":"2025-09-23T15:12:29","guid":{"rendered":"https:\/\/chromopap.ch\/exhibitions\/"},"modified":"2026-01-22T17:46:59","modified_gmt":"2026-01-22T17:46:59","slug":"exhibitions","status":"publish","type":"page","link":"https:\/\/chromopap.ch\/en\/exhibitions\/","title":{"rendered":"Exhibitions"},"content":{"rendered":"\n<p><strong>1975<\/strong> Galerie Jacques Isler, Gockhausen <em>(<strong>solo exhibition<\/strong>)<\/em><\/p>\n\n\n\n<p>Werkgalerie, Wil <em>(<strong>solo exhibition<\/strong>)<\/em><\/p>\n\n\n\n<p>Galerie Commercio, Zurich <em>(<strong>group exhibition<\/strong>)<\/em><\/p>\n\n\n\n<p><strong>1976 <\/strong> Galerie G\u00fctschli, Stallikon <em>(<strong>solo exhibition<\/strong>)<\/em><\/p>\n\n\n\n<p>Galerie Commercio, Zurich <em>(<strong>group exhibition<\/strong>)<\/em><\/p>\n\n\n\n<p>Galerie B\u00fcrdeke, Zurich <em>(<strong>group exhibition<\/strong>)<\/em><\/p>\n\n\n\n<p><strong>1977 <\/strong> Z\u00fcri-Land, Uster <em>(<strong>group exhibition<\/strong>)<\/em><\/p>\n\n\n\n<p>Galerie Brauerei-Ch\u00e4ller, Laufen <em>(<strong>solo exhibition<\/strong>)<\/em><\/p>\n\n\n\n<p>Galerie M\u00fcnsterberg, Basel <em>(<strong>solo exhibition<\/strong>)<\/em><\/p>\n\n\n\n<p>Galerie Altstadthaus, Bischofzell <em>(<strong>group exhibition<\/strong>)<\/em><\/p>\n\n\n\n<p>Galerie Commercio, Zurich <em>(<strong>group exhibition<\/strong>)<\/em><\/p>\n\n\n\n<p>Kunstszene Z\u00fcrich, Zurich <em>(<strong>group exhibition<\/strong>)<\/em><\/p>\n\n\n\n<p><strong>1978<\/strong> Galerie B\u00fcrdeke, Zurich <em>(<strong>solo exhibition<\/strong>)<\/em><\/p>\n\n\n\n<p>Gemeindezentrum, Birmensdorf <em>(<strong>group exhibition<\/strong>)<\/em><\/p>\n\n\n\n<p>Z\u00fcri-Land, K\u00fcsnacht <em>(<strong>group exhibition<\/strong>)<\/em><\/p>\n\n\n\n<p>Galerie M\u00fcnsterberg, Basel <em>(<strong>solo exhibition<\/strong>)<\/em><\/p>\n\n\n\n<p>SBG-Pavillon Wird, Zurich <em>(<strong>group exhibition<\/strong>)<\/em><\/p>\n\n\n\n<p>Galerie im Hof, R\u00fcschlikon <em>(<strong>group exhibition<\/strong>)<\/em><\/p>\n\n\n\n<p><strong>1979 <\/strong> Atelier Greter, Gutenswil <em>(<strong>group exhibition<\/strong>)<\/em><\/p>\n\n\n\n<p><strong>1980<\/strong> Galerie im Hof, R\u00fcschlikon <em>(<strong>group exhibition<\/strong>)<\/em><\/p>\n\n\n\n<p>Galerie B\u00fcrdeke, Zurich <em>(<strong>solo exhibition<\/strong>)<\/em><\/p>\n\n\n\n<p>Galerie Ambiance, Lucerne <em>(<strong>solo exhibition<\/strong>)<\/em><\/p>\n\n\n\n<p>Galerie M\u00fcnsterberg, Basel <em>(<strong>solo exhibition<\/strong>)<\/em><\/p>\n\n\n\n<p>Kunstszene Z\u00fcrich, Zurich <em>(<strong>group exhibition<\/strong>)<\/em><\/p>\n\n\n\n<p><strong>1982<\/strong> Galerie B\u00fcrdeke, Zurich <em>(<strong>solo exhibition<\/strong>)<\/em><\/p>\n\n\n\n<p>Schloss Landenberg, Arbon <em>(<strong>group exhibition<\/strong>)<\/em><\/p>\n\n\n\n<p><strong>1983<\/strong> K\u00fcnstlerhuus Amt, Mettmenstetten <em>(<strong>group exhibition<\/strong>)<\/em><\/p>\n\n\n\n<p><strong>1984<\/strong> Galerie Walcheturm, Zurich <em>(<strong>solo exhibition<\/strong>)<\/em><\/p>\n\n\n\n<p><strong>1985<\/strong> Galerie Vista Nova, Zurich <em>(<strong>group exhibition<\/strong>)<\/em><\/p>\n\n\n\n<p>Galerie Gegenwart, Bonstetten <em>(<strong>solo exhibition<\/strong>)<\/em><\/p>\n\n\n\n<p><strong>1987 <\/strong> Galerie Gegenwart, Bonstetten <em>(<strong>solo exhibition<\/strong>)<\/em><\/p>\n\n\n\n<p><strong>1988 <\/strong> Galerie Brauerei-Ch\u00e4ller, Laufen <em>(<strong>solo exhibition<\/strong>)<\/em><\/p>\n\n\n\n<p><strong>1990<\/strong> Galerie Susanne M\u00e4usli, Zurich <em>(<strong>solo exhibition<\/strong>)<\/em><\/p>\n\n\n\n<p><strong>1995<\/strong> Galerie Junkere 43, Bern <em>(<strong>solo exhibition<\/strong>)<\/em><\/p>\n\n\n\n<p><strong>2017<\/strong> Galerie Alts Schlachthuus \/ Kulturforum, Laufen <em>(<strong>solo exhibition<\/strong>)<\/em><\/p>\n\n\n\n<p>&nbsp;&nbsp;&nbsp;&nbsp;&nbsp;&nbsp;<\/p>\n","protected":false},"excerpt":{"rendered":"<p>1975 Galerie Jacques Isler, Gockhausen (solo exhibition) Werkgalerie, Wil (solo exhibition) Galerie Commercio, Zurich (group exhibition) 1976 Galerie G\u00fctschli, Stallikon (solo exhibition) Galerie Commercio, Zurich (group exhibition) Galerie B\u00fcrdeke, Zurich (group exhibition) 1977 Z\u00fcri-Land, Uster (group exhibition) Galerie Brauerei-Ch\u00e4ller, Laufen (solo exhibition) Galerie M\u00fcnsterberg, Basel (solo exhibition) Galerie Altstadthaus, Bischofzell (group exhibition) Galerie Commercio, Zurich &hellip; <\/p>\n<p class=\"link-more\"><a href=\"https:\/\/chromopap.ch\/en\/exhibitions\/\" class=\"more-link\">Read more<span class=\"screen-reader-text\"> &#8220;Exhibitions&#8221;<\/span><\/a><\/p>\n","protected":false},"author":2,"featured_media":0,"parent":0,"menu_order":0,"comment_status":"closed","ping_status":"closed","template":"","meta":{"footnotes":""},"class_list":["post-715","page","type-page","status-publish","hentry"],"yoast_head":"<!-- This site is optimized with the Yoast SEO plugin v27.4 - https:\/\/yoast.com\/product\/yoast-seo-wordpress\/ -->\n<title>Exhibitions - Chromopap<\/title>\n<meta name=\"robots\" content=\"index, follow, max-snippet:-1, max-image-preview:large, max-video-preview:-1\" \/>\n<link rel=\"canonical\" href=\"https:\/\/chromopap.ch\/en\/exhibitions\/\" \/>\n<meta name=\"twitter:label1\" content=\"Est. reading time\" \/>\n\t<meta name=\"twitter:data1\" content=\"2 minutes\" \/>\n<script type=\"application\/ld+json\" class=\"yoast-schema-graph\">{\"@context\":\"https:\\\/\\\/schema.org\",\"@graph\":[{\"@type\":\"WebPage\",\"@id\":\"https:\\\/\\\/chromopap.ch\\\/en\\\/exhibitions\\\/\",\"url\":\"https:\\\/\\\/chromopap.ch\\\/en\\\/exhibitions\\\/\",\"name\":\"Exhibitions - Chromopap\",\"isPartOf\":{\"@id\":\"https:\\\/\\\/chromopap.ch\\\/en\\\/#website\"},\"datePublished\":\"2025-09-23T15:12:29+00:00\",\"dateModified\":\"2026-01-22T17:46:59+00:00\",\"breadcrumb\":{\"@id\":\"https:\\\/\\\/chromopap.ch\\\/en\\\/exhibitions\\\/#breadcrumb\"},\"inLanguage\":\"en-US\",\"potentialAction\":[{\"@type\":\"ReadAction\",\"target\":[\"https:\\\/\\\/chromopap.ch\\\/en\\\/exhibitions\\\/\"]}]},{\"@type\":\"BreadcrumbList\",\"@id\":\"https:\\\/\\\/chromopap.ch\\\/en\\\/exhibitions\\\/#breadcrumb\",\"itemListElement\":[{\"@type\":\"ListItem\",\"position\":1,\"name\":\"Home\",\"item\":\"https:\\\/\\\/chromopap.ch\\\/en\\\/\"},{\"@type\":\"ListItem\",\"position\":2,\"name\":\"Exhibitions\"}]},{\"@type\":\"WebSite\",\"@id\":\"https:\\\/\\\/chromopap.ch\\\/en\\\/#website\",\"url\":\"https:\\\/\\\/chromopap.ch\\\/en\\\/\",\"name\":\"Chromopap\",\"description\":\"\",\"publisher\":{\"@id\":\"https:\\\/\\\/chromopap.ch\\\/en\\\/#organization\"},\"potentialAction\":[{\"@type\":\"SearchAction\",\"target\":{\"@type\":\"EntryPoint\",\"urlTemplate\":\"https:\\\/\\\/chromopap.ch\\\/en\\\/?s={search_term_string}\"},\"query-input\":{\"@type\":\"PropertyValueSpecification\",\"valueRequired\":true,\"valueName\":\"search_term_string\"}}],\"inLanguage\":\"en-US\"},{\"@type\":\"Organization\",\"@id\":\"https:\\\/\\\/chromopap.ch\\\/en\\\/#organization\",\"name\":\"Chromopap\",\"url\":\"https:\\\/\\\/chromopap.ch\\\/en\\\/\",\"logo\":{\"@type\":\"ImageObject\",\"inLanguage\":\"en-US\",\"@id\":\"https:\\\/\\\/chromopap.ch\\\/en\\\/#\\\/schema\\\/logo\\\/image\\\/\",\"url\":\"https:\\\/\\\/chromopap.ch\\\/wp-content\\\/uploads\\\/2025\\\/09\\\/cropped-chromopap.jpg\",\"contentUrl\":\"https:\\\/\\\/chromopap.ch\\\/wp-content\\\/uploads\\\/2025\\\/09\\\/cropped-chromopap.jpg\",\"width\":1280,\"height\":201,\"caption\":\"Chromopap\"},\"image\":{\"@id\":\"https:\\\/\\\/chromopap.ch\\\/en\\\/#\\\/schema\\\/logo\\\/image\\\/\"}}]}<\/script>\n<!-- \/ Yoast SEO plugin. -->","yoast_head_json":{"title":"Exhibitions - Chromopap","robots":{"index":"index","follow":"follow","max-snippet":"max-snippet:-1","max-image-preview":"max-image-preview:large","max-video-preview":"max-video-preview:-1"},"canonical":"https:\/\/chromopap.ch\/en\/exhibitions\/","twitter_misc":{"Est. reading time":"2 minutes"},"schema":{"@context":"https:\/\/schema.org","@graph":[{"@type":"WebPage","@id":"https:\/\/chromopap.ch\/en\/exhibitions\/","url":"https:\/\/chromopap.ch\/en\/exhibitions\/","name":"Exhibitions - Chromopap","isPartOf":{"@id":"https:\/\/chromopap.ch\/en\/#website"},"datePublished":"2025-09-23T15:12:29+00:00","dateModified":"2026-01-22T17:46:59+00:00","breadcrumb":{"@id":"https:\/\/chromopap.ch\/en\/exhibitions\/#breadcrumb"},"inLanguage":"en-US","potentialAction":[{"@type":"ReadAction","target":["https:\/\/chromopap.ch\/en\/exhibitions\/"]}]},{"@type":"BreadcrumbList","@id":"https:\/\/chromopap.ch\/en\/exhibitions\/#breadcrumb","itemListElement":[{"@type":"ListItem","position":1,"name":"Home","item":"https:\/\/chromopap.ch\/en\/"},{"@type":"ListItem","position":2,"name":"Exhibitions"}]},{"@type":"WebSite","@id":"https:\/\/chromopap.ch\/en\/#website","url":"https:\/\/chromopap.ch\/en\/","name":"Chromopap","description":"","publisher":{"@id":"https:\/\/chromopap.ch\/en\/#organization"},"potentialAction":[{"@type":"SearchAction","target":{"@type":"EntryPoint","urlTemplate":"https:\/\/chromopap.ch\/en\/?s={search_term_string}"},"query-input":{"@type":"PropertyValueSpecification","valueRequired":true,"valueName":"search_term_string"}}],"inLanguage":"en-US"},{"@type":"Organization","@id":"https:\/\/chromopap.ch\/en\/#organization","name":"Chromopap","url":"https:\/\/chromopap.ch\/en\/","logo":{"@type":"ImageObject","inLanguage":"en-US","@id":"https:\/\/chromopap.ch\/en\/#\/schema\/logo\/image\/","url":"https:\/\/chromopap.ch\/wp-content\/uploads\/2025\/09\/cropped-chromopap.jpg","contentUrl":"https:\/\/chromopap.ch\/wp-content\/uploads\/2025\/09\/cropped-chromopap.jpg","width":1280,"height":201,"caption":"Chromopap"},"image":{"@id":"https:\/\/chromopap.ch\/en\/#\/schema\/logo\/image\/"}}]}},"_links":{"self":[{"href":"https:\/\/chromopap.ch\/en\/wp-json\/wp\/v2\/pages\/715","targetHints":{"allow":["GET"]}}],"collection":[{"href":"https:\/\/chromopap.ch\/en\/wp-json\/wp\/v2\/pages"}],"about":[{"href":"https:\/\/chromopap.ch\/en\/wp-json\/wp\/v2\/types\/page"}],"author":[{"embeddable":true,"href":"https:\/\/chromopap.ch\/en\/wp-json\/wp\/v2\/users\/2"}],"replies":[{"embeddable":true,"href":"https:\/\/chromopap.ch\/en\/wp-json\/wp\/v2\/comments?post=715"}],"version-history":[{"count":2,"href":"https:\/\/chromopap.ch\/en\/wp-json\/wp\/v2\/pages\/715\/revisions"}],"predecessor-version":[{"id":780,"href":"https:\/\/chromopap.ch\/en\/wp-json\/wp\/v2\/pages\/715\/revisions\/780"}],"wp:attachment":[{"href":"https:\/\/chromopap.ch\/en\/wp-json\/wp\/v2\/media?parent=715"}],"curies":[{"name":"wp","href":"https:\/\/api.w.org\/{rel}","templated":true}]}}