{"id":606,"date":"2025-09-18T10:40:11","date_gmt":"2025-09-18T10:40:11","guid":{"rendered":"https:\/\/chromopap.ch\/accueil\/"},"modified":"2026-03-01T13:16:52","modified_gmt":"2026-03-01T13:16:52","slug":"accueil","status":"publish","type":"page","link":"https:\/\/chromopap.ch\/fr\/","title":{"rendered":"Accueil"},"content":{"rendered":"<p>Bienvenue sur notre site web chromopap.ch\u00a0!<\/p>\n<p>Nous vous pr\u00e9sentons ici les \u0153uvres du c\u00e9l\u00e8bre artiste suisse <a href=\"https:\/\/chromopap.ch\/fr\/a-propos-durban-cueni\/\">Urban Cueni<\/a>.<\/p>\n<p>Apr\u00e8s <a href=\"https:\/\/chromoflux.ch\/fr\">CHROMOFLUX<\/a>, nous, Juliette Kaltenrieder Farag (la ni\u00e8ce de sa femme) et Christina Johanna Suter, avons repris le projet artistique CHROMOPAP d\u2019Urban Cueni et cr\u00e9\u00e9 un nouveau site web avec l\u2019aide de Gis\u00e8le Wendl (<a href=\"https:\/\/www.toctoc.ch\/#services\">toctoc<\/a>).<\/p>\n<p>Nous vous montrons ses <a href=\"https:\/\/chromopap.ch\/fr\/originaux-a-vendre-impressions-lenticulaires-possibles\/\">originaux<\/a> et les magnifiques <a href=\"https:\/\/chromopap.ch\/fr\/impressions-lenticulaires\/\">impressions lenticulaires<\/a> qui sont d\u00e9riv\u00e9es des originaux.<\/p>\n<p>Les originaux et les impressions lenticulaires peuvent \u00eatre visit\u00e9s \u00e0 Zollikofen (BE) sur rendez-vous. Veuillez <a href=\"https:\/\/chromopap.ch\/fr\/contact\/\">nous contacter<\/a> pour prendre rendez-vous.<\/p>\n\n\n<p><\/p>\n","protected":false},"excerpt":{"rendered":"<p>Bienvenue sur notre site web chromopap.ch\u00a0! Nous vous pr\u00e9sentons ici les \u0153uvres du c\u00e9l\u00e8bre artiste suisse Urban Cueni. Apr\u00e8s CHROMOFLUX, nous, Juliette Kaltenrieder Farag (la ni\u00e8ce de sa femme) et Christina Johanna Suter, avons repris le projet artistique CHROMOPAP d\u2019Urban Cueni et cr\u00e9\u00e9 un nouveau site web avec l\u2019aide de Gis\u00e8le Wendl (toctoc). Nous vous &hellip; <\/p>\n<p class=\"link-more\"><a href=\"https:\/\/chromopap.ch\/fr\/\" class=\"more-link\">Lire la suite de<span class=\"screen-reader-text\">\u00ab\u00a0Accueil\u00a0\u00bb<\/span><\/a><\/p>\n","protected":false},"author":1,"featured_media":0,"parent":0,"menu_order":0,"comment_status":"closed","ping_status":"closed","template":"","meta":{"footnotes":""},"class_list":["post-606","page","type-page","status-publish","hentry"],"yoast_head":"<!-- This site is optimized with the Yoast SEO plugin v27.4 - https:\/\/yoast.com\/product\/yoast-seo-wordpress\/ -->\n<title>Accueil - Chromopap<\/title>\n<meta name=\"robots\" content=\"index, follow, max-snippet:-1, max-image-preview:large, max-video-preview:-1\" \/>\n<link rel=\"canonical\" href=\"https:\/\/chromopap.ch\/fr\/\" \/>\n<meta name=\"twitter:label1\" content=\"Dur\u00e9e de lecture estim\u00e9e\" \/>\n\t<meta name=\"twitter:data1\" content=\"1 minute\" \/>\n<script type=\"application\/ld+json\" class=\"yoast-schema-graph\">{\"@context\":\"https:\\\/\\\/schema.org\",\"@graph\":[{\"@type\":\"WebPage\",\"@id\":\"https:\\\/\\\/chromopap.ch\\\/fr\\\/\",\"url\":\"https:\\\/\\\/chromopap.ch\\\/fr\\\/\",\"name\":\"Accueil - Chromopap\",\"isPartOf\":{\"@id\":\"https:\\\/\\\/chromopap.ch\\\/fr\\\/#website\"},\"datePublished\":\"2025-09-18T10:40:11+00:00\",\"dateModified\":\"2026-03-01T13:16:52+00:00\",\"breadcrumb\":{\"@id\":\"https:\\\/\\\/chromopap.ch\\\/fr\\\/#breadcrumb\"},\"inLanguage\":\"fr-FR\",\"potentialAction\":[{\"@type\":\"ReadAction\",\"target\":[\"https:\\\/\\\/chromopap.ch\\\/fr\\\/\"]}]},{\"@type\":\"BreadcrumbList\",\"@id\":\"https:\\\/\\\/chromopap.ch\\\/fr\\\/#breadcrumb\",\"itemListElement\":[{\"@type\":\"ListItem\",\"position\":1,\"name\":\"Accueil\",\"item\":\"https:\\\/\\\/chromopap.ch\\\/fr\\\/\"},{\"@type\":\"ListItem\",\"position\":2,\"name\":\"Accueil\"}]},{\"@type\":\"WebSite\",\"@id\":\"https:\\\/\\\/chromopap.ch\\\/fr\\\/#website\",\"url\":\"https:\\\/\\\/chromopap.ch\\\/fr\\\/\",\"name\":\"Chromopap\",\"description\":\"\",\"publisher\":{\"@id\":\"https:\\\/\\\/chromopap.ch\\\/fr\\\/#organization\"},\"potentialAction\":[{\"@type\":\"SearchAction\",\"target\":{\"@type\":\"EntryPoint\",\"urlTemplate\":\"https:\\\/\\\/chromopap.ch\\\/fr\\\/?s={search_term_string}\"},\"query-input\":{\"@type\":\"PropertyValueSpecification\",\"valueRequired\":true,\"valueName\":\"search_term_string\"}}],\"inLanguage\":\"fr-FR\"},{\"@type\":\"Organization\",\"@id\":\"https:\\\/\\\/chromopap.ch\\\/fr\\\/#organization\",\"name\":\"Chromopap\",\"url\":\"https:\\\/\\\/chromopap.ch\\\/fr\\\/\",\"logo\":{\"@type\":\"ImageObject\",\"inLanguage\":\"fr-FR\",\"@id\":\"https:\\\/\\\/chromopap.ch\\\/fr\\\/#\\\/schema\\\/logo\\\/image\\\/\",\"url\":\"https:\\\/\\\/chromopap.ch\\\/wp-content\\\/uploads\\\/2025\\\/09\\\/cropped-chromopap.jpg\",\"contentUrl\":\"https:\\\/\\\/chromopap.ch\\\/wp-content\\\/uploads\\\/2025\\\/09\\\/cropped-chromopap.jpg\",\"width\":1280,\"height\":201,\"caption\":\"Chromopap\"},\"image\":{\"@id\":\"https:\\\/\\\/chromopap.ch\\\/fr\\\/#\\\/schema\\\/logo\\\/image\\\/\"}}]}<\/script>\n<!-- \/ Yoast SEO plugin. -->","yoast_head_json":{"title":"Accueil - Chromopap","robots":{"index":"index","follow":"follow","max-snippet":"max-snippet:-1","max-image-preview":"max-image-preview:large","max-video-preview":"max-video-preview:-1"},"canonical":"https:\/\/chromopap.ch\/fr\/","twitter_misc":{"Dur\u00e9e de lecture estim\u00e9e":"1 minute"},"schema":{"@context":"https:\/\/schema.org","@graph":[{"@type":"WebPage","@id":"https:\/\/chromopap.ch\/fr\/","url":"https:\/\/chromopap.ch\/fr\/","name":"Accueil - Chromopap","isPartOf":{"@id":"https:\/\/chromopap.ch\/fr\/#website"},"datePublished":"2025-09-18T10:40:11+00:00","dateModified":"2026-03-01T13:16:52+00:00","breadcrumb":{"@id":"https:\/\/chromopap.ch\/fr\/#breadcrumb"},"inLanguage":"fr-FR","potentialAction":[{"@type":"ReadAction","target":["https:\/\/chromopap.ch\/fr\/"]}]},{"@type":"BreadcrumbList","@id":"https:\/\/chromopap.ch\/fr\/#breadcrumb","itemListElement":[{"@type":"ListItem","position":1,"name":"Accueil","item":"https:\/\/chromopap.ch\/fr\/"},{"@type":"ListItem","position":2,"name":"Accueil"}]},{"@type":"WebSite","@id":"https:\/\/chromopap.ch\/fr\/#website","url":"https:\/\/chromopap.ch\/fr\/","name":"Chromopap","description":"","publisher":{"@id":"https:\/\/chromopap.ch\/fr\/#organization"},"potentialAction":[{"@type":"SearchAction","target":{"@type":"EntryPoint","urlTemplate":"https:\/\/chromopap.ch\/fr\/?s={search_term_string}"},"query-input":{"@type":"PropertyValueSpecification","valueRequired":true,"valueName":"search_term_string"}}],"inLanguage":"fr-FR"},{"@type":"Organization","@id":"https:\/\/chromopap.ch\/fr\/#organization","name":"Chromopap","url":"https:\/\/chromopap.ch\/fr\/","logo":{"@type":"ImageObject","inLanguage":"fr-FR","@id":"https:\/\/chromopap.ch\/fr\/#\/schema\/logo\/image\/","url":"https:\/\/chromopap.ch\/wp-content\/uploads\/2025\/09\/cropped-chromopap.jpg","contentUrl":"https:\/\/chromopap.ch\/wp-content\/uploads\/2025\/09\/cropped-chromopap.jpg","width":1280,"height":201,"caption":"Chromopap"},"image":{"@id":"https:\/\/chromopap.ch\/fr\/#\/schema\/logo\/image\/"}}]}},"_links":{"self":[{"href":"https:\/\/chromopap.ch\/fr\/wp-json\/wp\/v2\/pages\/606","targetHints":{"allow":["GET"]}}],"collection":[{"href":"https:\/\/chromopap.ch\/fr\/wp-json\/wp\/v2\/pages"}],"about":[{"href":"https:\/\/chromopap.ch\/fr\/wp-json\/wp\/v2\/types\/page"}],"author":[{"embeddable":true,"href":"https:\/\/chromopap.ch\/fr\/wp-json\/wp\/v2\/users\/1"}],"replies":[{"embeddable":true,"href":"https:\/\/chromopap.ch\/fr\/wp-json\/wp\/v2\/comments?post=606"}],"version-history":[{"count":5,"href":"https:\/\/chromopap.ch\/fr\/wp-json\/wp\/v2\/pages\/606\/revisions"}],"predecessor-version":[{"id":866,"href":"https:\/\/chromopap.ch\/fr\/wp-json\/wp\/v2\/pages\/606\/revisions\/866"}],"wp:attachment":[{"href":"https:\/\/chromopap.ch\/fr\/wp-json\/wp\/v2\/media?parent=606"}],"curies":[{"name":"wp","href":"https:\/\/api.w.org\/{rel}","templated":true}]}}