{"id":608,"date":"2025-09-18T11:05:17","date_gmt":"2025-09-18T11:05:17","guid":{"rendered":"https:\/\/chromopap.ch\/politique-de-confidentialite\/"},"modified":"2026-01-22T15:54:56","modified_gmt":"2026-01-22T15:54:56","slug":"politique-de-confidentialite","status":"publish","type":"page","link":"https:\/\/chromopap.ch\/fr\/politique-de-confidentialite\/","title":{"rendered":"Politique de confidentialit\u00e9"},"content":{"rendered":"\n<h2 class=\"wp-block-heading\">Qui sommes-nous ?<\/h2>\n\n<p>L\u2019adresse de notre site web est : https:\/\/chromopap.ch.<\/p>\n\n<h2 class=\"wp-block-heading\">Commentaires<\/h2>\n\n<p>Quand un visiteur publie un commentaire sur le site, nous recueillons les donn\u00e9es inscrites dans le formulaire de commentaire, ainsi que l\u2019adresse IP du visiteur et la cha\u00eene de l\u2019agent utilisateur du navigateur pour faciliter la d\u00e9tection des ind\u00e9sirables.<\/p>\n\n<p>Une cha\u00eene anonymis\u00e9e cr\u00e9\u00e9e \u00e0 partir de votre adresse e-mail (\u00e9galement appel\u00e9e hachage) peut \u00eatre fournie au service Gravatar pour v\u00e9rifier si vous l\u2019utilisez. La politique de confidentialit\u00e9 du service Gravatar est disponible ici : https:\/\/automattic.com\/privacy\/. Apr\u00e8s approbation de votre commentaire, votre photo de profil est visible publiquement dans le contexte de votre commentaire.<\/p>\n\n<h2 class=\"wp-block-heading\">M\u00e9dias<\/h2>\n\n<p>Si vous \u00eates un utilisateur enregistr\u00e9 et que vous t\u00e9l\u00e9versez des photos sur ce site web, \u00e9vitez de t\u00e9l\u00e9verser des photos contenant des donn\u00e9es EXIF de localisation GPS. Les visiteurs de ce site web pourraient t\u00e9l\u00e9charger des photos qui y sont stock\u00e9es et extraire leurs donn\u00e9es de localisation.<\/p>\n\n<h2 class=\"wp-block-heading\">Cookies<\/h2>\n\n<p>Si vous publiez un commentaire sur notre site web, il vous sera propos\u00e9 d\u2019enregistrer votre nom, votre adresse e-mail et votre site web dans des cookies. C\u2019est uniquement pour votre confort afin de ne pas avoir \u00e0 saisir ces informations si vous publiez un autre commentaire plus tard. Ces cookies expirent au bout d\u2019un an.<\/p>\n\n<p>Si vous avez un compte et que vous vous connectez \u00e0 ce site, un cookie temporaire sera cr\u00e9\u00e9 afin de d\u00e9terminer si votre navigateur accepte les cookies. Il ne contient pas de donn\u00e9es personnelles et sera supprim\u00e9 automatiquement \u00e0 la fermeture de votre navigateur.<\/p>\n\n<p>Lorsque vous vous connecterez, nous mettrons en place un certain nombre de cookies pour enregistrer vos informations de connexion et vos pr\u00e9f\u00e9rences d\u2019\u00e9cran. La dur\u00e9e de vie d\u2019un cookie de connexion est de deux jours, celle d\u2019un cookie d\u2019option d\u2019\u00e9cran est d\u2019un an. Si vous cochez la case \u00ab Se souvenir de moi \u00bb, votre cookie de connexion sera conserv\u00e9 pendant deux semaines. Si vous vous d\u00e9connectez de votre compte, le cookie de connexion sera effac\u00e9.<\/p>\n\n<p><\/p><p>En modifiant ou en publiant un article, un cookie suppl\u00e9mentaire sera enregistr\u00e9 dans votre navigateur. Ce cookie ne comprend aucune donn\u00e9e personnelle. Il indique simplement l\u2019ID de l\u2019article que vous venez de modifier. Il expire au bout d\u2019un jour.<\/p>\n\n<h2 class=\"wp-block-heading\">Contenu embarqu\u00e9 depuis d\u2019autres sites<\/h2>\n\n<p>Les articles de ce site peuvent inclure des contenus int\u00e9gr\u00e9s (par exemple, des vid\u00e9os, des images, des articles, etc.). Le contenu int\u00e9gr\u00e9 depuis d\u2019autres sites se comporte de la m\u00eame mani\u00e8re que si le visiteur se rendait sur cet autre site.<\/p>\n\n<p>Ces sites web pourraient collecter des donn\u00e9es sur vous, utiliser des cookies, embarquer des outils de suivi tiers, suivre vos interactions avec ces contenus embarqu\u00e9s si vous disposez d\u2019un compte connect\u00e9 sur leur site web.<\/p>\n\n<h2 class=\"wp-block-heading\">Avec qui nous partageons vos donn\u00e9es<\/h2>\n\n<p>Si vous demandez une r\u00e9initialisation de votre mot de passe, votre adresse IP sera incluse dans l\u2019e-mail de r\u00e9initialisation.<\/p>\n\n<h2 class=\"wp-block-heading\">Dur\u00e9e de stockage de vos donn\u00e9es<\/h2>\n\n<p>Si vous laissez un commentaire, le commentaire et ses m\u00e9tadonn\u00e9es sont conserv\u00e9s ind\u00e9finiment. Cela permet de reconna\u00eetre et d\u2019approuver automatiquement les commentaires suivants au lieu de les laisser dans la file de mod\u00e9ration.<\/p>\n\n<p>Pour les utilisateurs et utilisatrices qui s\u2019enregistrent sur notre site, nous stockons \u00e9galement les informations personnelles indiqu\u00e9es dans leur profil. Tous les utilisateurs et utilisatrices peuvent voir, modifier ou supprimer leurs informations personnelles \u00e0 tout moment (\u00e0 l\u2019exception de leur nom d\u2019utilisateur). Les gestionnaires du site peuvent aussi voir et modifier ces informations.<\/p>\n\n<h2 class=\"wp-block-heading\">Les droits que vous avez sur vos donn\u00e9es<\/h2>\n\n<p>Si vous avez un compte ou si vous avez laiss\u00e9 des commentaires sur le site, vous pouvez demander \u00e0 recevoir un fichier contenant toutes les donn\u00e9es personnelles que nous poss\u00e9dons \u00e0 votre sujet, incluant celles que vous nous avez fournies. Vous pouvez \u00e9galement demander la suppression des donn\u00e9es personnelles vous concernant. Cela ne prend pas en compte les donn\u00e9es stock\u00e9es \u00e0 des fins administratives, l\u00e9gales ou pour des raisons de s\u00e9curit\u00e9.<\/p>\n\n<h2 class=\"wp-block-heading\">O\u00f9 vos donn\u00e9es sont envoy\u00e9es<\/h2>\n\n<p>Les commentaires des visiteurs peuvent \u00eatre v\u00e9rifi\u00e9s \u00e0 l\u2019aide d\u2019un service automatis\u00e9 de d\u00e9tection des ind\u00e9sirables.<\/p>\n","protected":false},"excerpt":{"rendered":"<p>Qui sommes-nous ? L\u2019adresse de notre site web est : https:\/\/chromopap.ch. Commentaires Quand un visiteur publie un commentaire sur le site, nous recueillons les donn\u00e9es inscrites dans le formulaire de commentaire, ainsi que l\u2019adresse IP du visiteur et la cha\u00eene de l\u2019agent utilisateur du navigateur pour faciliter la d\u00e9tection des ind\u00e9sirables. Une cha\u00eene anonymis\u00e9e cr\u00e9\u00e9e &hellip; <\/p>\n<p class=\"link-more\"><a href=\"https:\/\/chromopap.ch\/fr\/politique-de-confidentialite\/\" class=\"more-link\">Lire la suite de<span class=\"screen-reader-text\">\u00ab\u00a0Politique de confidentialit\u00e9\u00a0\u00bb<\/span><\/a><\/p>\n","protected":false},"author":1,"featured_media":0,"parent":0,"menu_order":0,"comment_status":"closed","ping_status":"closed","template":"","meta":{"footnotes":""},"class_list":["post-608","page","type-page","status-publish","hentry"],"yoast_head":"<!-- This site is optimized with the Yoast SEO plugin v27.4 - https:\/\/yoast.com\/product\/yoast-seo-wordpress\/ -->\n<title>Politique de confidentialit\u00e9 - Chromopap<\/title>\n<meta name=\"robots\" content=\"index, follow, max-snippet:-1, max-image-preview:large, max-video-preview:-1\" \/>\n<link rel=\"canonical\" href=\"https:\/\/chromopap.ch\/fr\/politique-de-confidentialite\/\" \/>\n<meta name=\"twitter:label1\" content=\"Dur\u00e9e de lecture estim\u00e9e\" \/>\n\t<meta name=\"twitter:data1\" content=\"4 minutes\" \/>\n<script type=\"application\/ld+json\" class=\"yoast-schema-graph\">{\"@context\":\"https:\\\/\\\/schema.org\",\"@graph\":[{\"@type\":\"WebPage\",\"@id\":\"https:\\\/\\\/chromopap.ch\\\/fr\\\/politique-de-confidentialite\\\/\",\"url\":\"https:\\\/\\\/chromopap.ch\\\/fr\\\/politique-de-confidentialite\\\/\",\"name\":\"Politique de confidentialit\u00e9 - Chromopap\",\"isPartOf\":{\"@id\":\"https:\\\/\\\/chromopap.ch\\\/fr\\\/#website\"},\"datePublished\":\"2025-09-18T11:05:17+00:00\",\"dateModified\":\"2026-01-22T15:54:56+00:00\",\"breadcrumb\":{\"@id\":\"https:\\\/\\\/chromopap.ch\\\/fr\\\/politique-de-confidentialite\\\/#breadcrumb\"},\"inLanguage\":\"fr-FR\",\"potentialAction\":[{\"@type\":\"ReadAction\",\"target\":[\"https:\\\/\\\/chromopap.ch\\\/fr\\\/politique-de-confidentialite\\\/\"]}]},{\"@type\":\"BreadcrumbList\",\"@id\":\"https:\\\/\\\/chromopap.ch\\\/fr\\\/politique-de-confidentialite\\\/#breadcrumb\",\"itemListElement\":[{\"@type\":\"ListItem\",\"position\":1,\"name\":\"Accueil\",\"item\":\"https:\\\/\\\/chromopap.ch\\\/fr\\\/\"},{\"@type\":\"ListItem\",\"position\":2,\"name\":\"Politique de confidentialit\u00e9\"}]},{\"@type\":\"WebSite\",\"@id\":\"https:\\\/\\\/chromopap.ch\\\/fr\\\/#website\",\"url\":\"https:\\\/\\\/chromopap.ch\\\/fr\\\/\",\"name\":\"Chromopap\",\"description\":\"\",\"publisher\":{\"@id\":\"https:\\\/\\\/chromopap.ch\\\/fr\\\/#organization\"},\"potentialAction\":[{\"@type\":\"SearchAction\",\"target\":{\"@type\":\"EntryPoint\",\"urlTemplate\":\"https:\\\/\\\/chromopap.ch\\\/fr\\\/?s={search_term_string}\"},\"query-input\":{\"@type\":\"PropertyValueSpecification\",\"valueRequired\":true,\"valueName\":\"search_term_string\"}}],\"inLanguage\":\"fr-FR\"},{\"@type\":\"Organization\",\"@id\":\"https:\\\/\\\/chromopap.ch\\\/fr\\\/#organization\",\"name\":\"Chromopap\",\"url\":\"https:\\\/\\\/chromopap.ch\\\/fr\\\/\",\"logo\":{\"@type\":\"ImageObject\",\"inLanguage\":\"fr-FR\",\"@id\":\"https:\\\/\\\/chromopap.ch\\\/fr\\\/#\\\/schema\\\/logo\\\/image\\\/\",\"url\":\"https:\\\/\\\/chromopap.ch\\\/wp-content\\\/uploads\\\/2025\\\/09\\\/cropped-chromopap.jpg\",\"contentUrl\":\"https:\\\/\\\/chromopap.ch\\\/wp-content\\\/uploads\\\/2025\\\/09\\\/cropped-chromopap.jpg\",\"width\":1280,\"height\":201,\"caption\":\"Chromopap\"},\"image\":{\"@id\":\"https:\\\/\\\/chromopap.ch\\\/fr\\\/#\\\/schema\\\/logo\\\/image\\\/\"}}]}<\/script>\n<!-- \/ Yoast SEO plugin. -->","yoast_head_json":{"title":"Politique de confidentialit\u00e9 - Chromopap","robots":{"index":"index","follow":"follow","max-snippet":"max-snippet:-1","max-image-preview":"max-image-preview:large","max-video-preview":"max-video-preview:-1"},"canonical":"https:\/\/chromopap.ch\/fr\/politique-de-confidentialite\/","twitter_misc":{"Dur\u00e9e de lecture estim\u00e9e":"4 minutes"},"schema":{"@context":"https:\/\/schema.org","@graph":[{"@type":"WebPage","@id":"https:\/\/chromopap.ch\/fr\/politique-de-confidentialite\/","url":"https:\/\/chromopap.ch\/fr\/politique-de-confidentialite\/","name":"Politique de confidentialit\u00e9 - Chromopap","isPartOf":{"@id":"https:\/\/chromopap.ch\/fr\/#website"},"datePublished":"2025-09-18T11:05:17+00:00","dateModified":"2026-01-22T15:54:56+00:00","breadcrumb":{"@id":"https:\/\/chromopap.ch\/fr\/politique-de-confidentialite\/#breadcrumb"},"inLanguage":"fr-FR","potentialAction":[{"@type":"ReadAction","target":["https:\/\/chromopap.ch\/fr\/politique-de-confidentialite\/"]}]},{"@type":"BreadcrumbList","@id":"https:\/\/chromopap.ch\/fr\/politique-de-confidentialite\/#breadcrumb","itemListElement":[{"@type":"ListItem","position":1,"name":"Accueil","item":"https:\/\/chromopap.ch\/fr\/"},{"@type":"ListItem","position":2,"name":"Politique de confidentialit\u00e9"}]},{"@type":"WebSite","@id":"https:\/\/chromopap.ch\/fr\/#website","url":"https:\/\/chromopap.ch\/fr\/","name":"Chromopap","description":"","publisher":{"@id":"https:\/\/chromopap.ch\/fr\/#organization"},"potentialAction":[{"@type":"SearchAction","target":{"@type":"EntryPoint","urlTemplate":"https:\/\/chromopap.ch\/fr\/?s={search_term_string}"},"query-input":{"@type":"PropertyValueSpecification","valueRequired":true,"valueName":"search_term_string"}}],"inLanguage":"fr-FR"},{"@type":"Organization","@id":"https:\/\/chromopap.ch\/fr\/#organization","name":"Chromopap","url":"https:\/\/chromopap.ch\/fr\/","logo":{"@type":"ImageObject","inLanguage":"fr-FR","@id":"https:\/\/chromopap.ch\/fr\/#\/schema\/logo\/image\/","url":"https:\/\/chromopap.ch\/wp-content\/uploads\/2025\/09\/cropped-chromopap.jpg","contentUrl":"https:\/\/chromopap.ch\/wp-content\/uploads\/2025\/09\/cropped-chromopap.jpg","width":1280,"height":201,"caption":"Chromopap"},"image":{"@id":"https:\/\/chromopap.ch\/fr\/#\/schema\/logo\/image\/"}}]}},"_links":{"self":[{"href":"https:\/\/chromopap.ch\/fr\/wp-json\/wp\/v2\/pages\/608","targetHints":{"allow":["GET"]}}],"collection":[{"href":"https:\/\/chromopap.ch\/fr\/wp-json\/wp\/v2\/pages"}],"about":[{"href":"https:\/\/chromopap.ch\/fr\/wp-json\/wp\/v2\/types\/page"}],"author":[{"embeddable":true,"href":"https:\/\/chromopap.ch\/fr\/wp-json\/wp\/v2\/users\/1"}],"replies":[{"embeddable":true,"href":"https:\/\/chromopap.ch\/fr\/wp-json\/wp\/v2\/comments?post=608"}],"version-history":[{"count":4,"href":"https:\/\/chromopap.ch\/fr\/wp-json\/wp\/v2\/pages\/608\/revisions"}],"predecessor-version":[{"id":750,"href":"https:\/\/chromopap.ch\/fr\/wp-json\/wp\/v2\/pages\/608\/revisions\/750"}],"wp:attachment":[{"href":"https:\/\/chromopap.ch\/fr\/wp-json\/wp\/v2\/media?parent=608"}],"curies":[{"name":"wp","href":"https:\/\/api.w.org\/{rel}","templated":true}]}}