{"id":610,"date":"2025-09-17T14:34:27","date_gmt":"2025-09-17T14:34:27","guid":{"rendered":"https:\/\/chromopap.ch\/politique-de-confidentialite-2\/"},"modified":"2025-12-09T15:48:23","modified_gmt":"2025-12-09T15:48:23","slug":"politique-de-confidentialite-2","status":"publish","type":"page","link":"https:\/\/chromopap.ch\/fr\/politique-de-confidentialite-2\/","title":{"rendered":"Politique de confidentialit\u00e9"},"content":{"rendered":"\n<h2 class=\"wp-block-heading\">Qui sommes-nous ?<\/h2>\n\n<p><strong class=\"privacy-policy-tutorial\">Texte sugg\u00e9r\u00e9\u00a0:<\/strong> L\u2019adresse de notre site web est\u00a0: https:\/\/chromopap.ch.<\/p>\n\n<h2 class=\"wp-block-heading\">Commentaires<\/h2>\n\n<p><strong class=\"privacy-policy-tutorial\">Texte sugg\u00e9r\u00e9\u00a0:<\/strong> Quand les visiteurs laissent des commentaires sur le site, nous recueillons les donn\u00e9es indiqu\u00e9es dans le formulaire de commentaires ainsi que l\u2019adresse IP du visiteur et la cha\u00eene de l\u2019agent utilisateur du navigateur pour faciliter la d\u00e9tection des pourriels.<\/p>\n\n<p>Une cha\u00eene anonymis\u00e9e cr\u00e9\u00e9e \u00e0 partir de votre adresse courriel (aussi appel\u00e9e hachage) peut \u00eatre fournie au service Gravatar pour v\u00e9rifier si vous l\u2019utilisez. La politique de confidentialit\u00e9 du service Gravatar est disponible ici\u00a0: https:\/\/automattic.com\/privacy\/. Apr\u00e8s l\u2019approbation de votre commentaire, votre photo de profil est visible publiquement dans le contexte de votre commentaire. <\/p>\n\n<h2 class=\"wp-block-heading\">M\u00e9dia<\/h2>\n\n<p><strong class=\"privacy-policy-tutorial\">Texte sugg\u00e9r\u00e9\u00a0:<\/strong> Si vous t\u00e9l\u00e9versez des images sur le site web, vous devriez \u00e9viter de t\u00e9l\u00e9verser des images contenant des donn\u00e9es de localisation int\u00e9gr\u00e9es (EXIF GPS). Les visiteurs du site web peuvent t\u00e9l\u00e9charger et extraire toutes les donn\u00e9es de localisation des images sur le site web. <\/p>\n\n<h2 class=\"wp-block-heading\">T\u00e9moins<\/h2>\n\n<p><strong class=\"privacy-policy-tutorial\">Texte sugg\u00e9r\u00e9\u00a0:<\/strong> Si vous laissez un commentaire sur notre site, vous pouvez choisir d\u2019enregistrer votre nom, votre adresse courriel et votre site web dans des t\u00e9moins. Ceux-ci sont pour votre commodit\u00e9 afin que vous n\u2019ayez pas \u00e0 remplir vos coordonn\u00e9es de nouveau lorsque vous laissez un autre commentaire. Ces t\u00e9moins dureront un an.  <\/p>\n\n<p>Si vous visitez notre page de connexion, nous allons installer un t\u00e9moin temporaire afin de d\u00e9terminer si votre navigateur accepte les t\u00e9moins. Ce t\u00e9moin ne contient aucune donn\u00e9e personnelle et est supprim\u00e9 lorsque vous fermez votre navigateur. <\/p>\n\n<p>Lorsque vous vous connectez, nous allons \u00e9galement configurer plusieurs t\u00e9moins pour enregistrer vos renseignements de connexion et vos choix d\u2019affichage \u00e0 l\u2019\u00e9cran. Les t\u00e9moins de connexion durent deux jours et les t\u00e9moins d\u2019options d\u2019\u00e9cran durent un an. Si vous s\u00e9lectionnez \u00ab\u00a0Se souvenir de moi\u00a0\u00bb, votre connexion sera maintenue pendant deux semaines. Si vous vous d\u00e9connectez de votre compte, les t\u00e9moins de connexion seront supprim\u00e9s.   <\/p>\n\n<p>Si vous modifiez ou publiez un article, un t\u00e9moin suppl\u00e9mentaire sera enregistr\u00e9 dans votre navigateur. Ce t\u00e9moin ne comprend aucune donn\u00e9e personnelle et indique simplement l\u2019identifiant de la publication de l\u2019article que vous venez de modifier. Il expire apr\u00e8s 1 jour.  <\/p>\n\n<h2 class=\"wp-block-heading\">Contenu int\u00e9gr\u00e9 provenant d\u2019autres sites web<\/h2>\n\n<p><strong class=\"privacy-policy-tutorial\">Texte sugg\u00e9r\u00e9\u00a0:<\/strong> Les articles sur ce site peuvent comprendre du contenu int\u00e9gr\u00e9 (par exemple, des vid\u00e9os, des images, des articles, etc.). Le contenu int\u00e9gr\u00e9 provenant d\u2019autres sites web se comporte exactement de la m\u00eame mani\u00e8re que si le visiteur a visit\u00e9 l\u2019autre site web. <\/p>\n\n<p>Ces sites web peuvent recueillir des donn\u00e9es \u00e0 votre sujet, utiliser des t\u00e9moins, int\u00e9grer un suivi suppl\u00e9mentaire de tiers et surveiller votre interaction avec ce contenu int\u00e9gr\u00e9, notamment en suivant votre interaction avec le contenu int\u00e9gr\u00e9 si vous avez un compte et que vous \u00eates connect\u00e9 \u00e0 ce site web.<\/p>\n\n<h2 class=\"wp-block-heading\">Avec qui nous partageons vos donn\u00e9es<\/h2>\n\n<p><strong class=\"privacy-policy-tutorial\">Texte sugg\u00e9r\u00e9\u00a0:<\/strong> Si vous demandez une r\u00e9initialisation du mot de passe, votre adresse IP sera incluse dans le courriel de r\u00e9initialisation.<\/p>\n\n<h2 class=\"wp-block-heading\">Combien de temps conservons-nous vos donn\u00e9es<\/h2>\n\n<p><strong class=\"privacy-policy-tutorial\">Texte sugg\u00e9r\u00e9\u00a0:<\/strong> Si vous laissez un commentaire, le commentaire et ses m\u00e9tadonn\u00e9es sont conserv\u00e9s ind\u00e9finiment. C\u2019est ainsi que nous pouvons reconna\u00eetre et approuver tous les commentaires de suivi automatiquement au lieu de les retenir dans une file d\u2019attente de mod\u00e9ration. <\/p>\n\n<p>Pour les utilisateurs qui s\u2019inscrivent sur notre site web (le cas \u00e9ch\u00e9ant), nous stockons \u00e9galement les renseignements personnels qu\u2019ils fournissent dans leur profil d\u2019utilisateur. Tous les utilisateurs peuvent voir, modifier ou supprimer leurs renseignements personnels \u00e0 tout moment (sauf qu\u2019ils ne peuvent pas changer leur nom d\u2019utilisateur). Les administrateurs du site web peuvent \u00e9galement voir et modifier ces renseignements.  <\/p>\n\n<h2 class=\"wp-block-heading\">Quels droits avez-vous sur vos donn\u00e9es<\/h2>\n\n<p><strong class=\"privacy-policy-tutorial\">Texte sugg\u00e9r\u00e9\u00a0:<\/strong> Si vous avez un compte sur ce site ou si vous avez laiss\u00e9 des commentaires, vous pouvez demander \u00e0 recevoir un fichier export\u00e9 des donn\u00e9es personnelles que nous d\u00e9tenons \u00e0 votre sujet, y compris toutes les donn\u00e9es que vous nous avez fournies. Vous pouvez \u00e9galement demander que nous effacions toutes les donn\u00e9es personnelles que nous d\u00e9tenons \u00e0 votre sujet. Cela ne comprend pas les donn\u00e9es que nous sommes oblig\u00e9s de conserver \u00e0 des fins administratives, juridiques ou de s\u00e9curit\u00e9.  <\/p>\n\n<h2 class=\"wp-block-heading\">O\u00f9 vos donn\u00e9es sont-elles envoy\u00e9es<\/h2>\n\n<p><strong class=\"privacy-policy-tutorial\">Texte sugg\u00e9r\u00e9\u00a0:<\/strong> Les commentaires des visiteurs peuvent \u00eatre v\u00e9rifi\u00e9s par le biais d\u2019un service automatis\u00e9 de d\u00e9tection des pourriels.<\/p>\n","protected":false},"excerpt":{"rendered":"<p>Qui sommes-nous ? Texte sugg\u00e9r\u00e9\u00a0: L\u2019adresse de notre site web est\u00a0: https:\/\/chromopap.ch. Commentaires Texte sugg\u00e9r\u00e9\u00a0: Quand les visiteurs laissent des commentaires sur le site, nous recueillons les donn\u00e9es indiqu\u00e9es dans le formulaire de commentaires ainsi que l\u2019adresse IP du visiteur et la cha\u00eene de l\u2019agent utilisateur du navigateur pour faciliter la d\u00e9tection des pourriels. Une &hellip; <\/p>\n<p class=\"link-more\"><a href=\"https:\/\/chromopap.ch\/fr\/politique-de-confidentialite-2\/\" class=\"more-link\">Lire la suite de<span class=\"screen-reader-text\">\u00ab\u00a0Politique de confidentialit\u00e9\u00a0\u00bb<\/span><\/a><\/p>\n","protected":false},"author":1,"featured_media":0,"parent":0,"menu_order":0,"comment_status":"closed","ping_status":"closed","template":"","meta":{"footnotes":""},"class_list":["post-610","page","type-page","status-publish","hentry"],"yoast_head":"<!-- This site is optimized with the Yoast SEO plugin v27.2 - https:\/\/yoast.com\/product\/yoast-seo-wordpress\/ -->\n<title>Politique de confidentialit\u00e9 - Chromopap<\/title>\n<meta name=\"robots\" content=\"index, follow, max-snippet:-1, max-image-preview:large, max-video-preview:-1\" \/>\n<link rel=\"canonical\" href=\"https:\/\/chromopap.ch\/fr\/politique-de-confidentialite-2\/\" \/>\n<meta name=\"twitter:label1\" content=\"Dur\u00e9e de lecture estim\u00e9e\" \/>\n\t<meta name=\"twitter:data1\" content=\"4 minutes\" \/>\n<script type=\"application\/ld+json\" class=\"yoast-schema-graph\">{\"@context\":\"https:\/\/schema.org\",\"@graph\":[{\"@type\":\"WebPage\",\"@id\":\"https:\/\/chromopap.ch\/fr\/politique-de-confidentialite-2\/\",\"url\":\"https:\/\/chromopap.ch\/fr\/politique-de-confidentialite-2\/\",\"name\":\"Politique de confidentialit\u00e9 - Chromopap\",\"isPartOf\":{\"@id\":\"https:\/\/chromopap.ch\/fr\/#website\"},\"datePublished\":\"2025-09-17T14:34:27+00:00\",\"dateModified\":\"2025-12-09T15:48:23+00:00\",\"breadcrumb\":{\"@id\":\"https:\/\/chromopap.ch\/fr\/politique-de-confidentialite-2\/#breadcrumb\"},\"inLanguage\":\"fr-FR\",\"potentialAction\":[{\"@type\":\"ReadAction\",\"target\":[\"https:\/\/chromopap.ch\/fr\/politique-de-confidentialite-2\/\"]}]},{\"@type\":\"BreadcrumbList\",\"@id\":\"https:\/\/chromopap.ch\/fr\/politique-de-confidentialite-2\/#breadcrumb\",\"itemListElement\":[{\"@type\":\"ListItem\",\"position\":1,\"name\":\"Accueil\",\"item\":\"https:\/\/chromopap.ch\/fr\/\"},{\"@type\":\"ListItem\",\"position\":2,\"name\":\"Politique de confidentialit\u00e9\"}]},{\"@type\":\"WebSite\",\"@id\":\"https:\/\/chromopap.ch\/fr\/#website\",\"url\":\"https:\/\/chromopap.ch\/fr\/\",\"name\":\"Chromopap\",\"description\":\"\",\"publisher\":{\"@id\":\"https:\/\/chromopap.ch\/fr\/#organization\"},\"potentialAction\":[{\"@type\":\"SearchAction\",\"target\":{\"@type\":\"EntryPoint\",\"urlTemplate\":\"https:\/\/chromopap.ch\/fr\/?s={search_term_string}\"},\"query-input\":{\"@type\":\"PropertyValueSpecification\",\"valueRequired\":true,\"valueName\":\"search_term_string\"}}],\"inLanguage\":\"fr-FR\"},{\"@type\":\"Organization\",\"@id\":\"https:\/\/chromopap.ch\/fr\/#organization\",\"name\":\"Chromopap\",\"url\":\"https:\/\/chromopap.ch\/fr\/\",\"logo\":{\"@type\":\"ImageObject\",\"inLanguage\":\"fr-FR\",\"@id\":\"https:\/\/chromopap.ch\/fr\/#\/schema\/logo\/image\/\",\"url\":\"https:\/\/chromopap.ch\/wp-content\/uploads\/2025\/09\/cropped-chromopap.jpg\",\"contentUrl\":\"https:\/\/chromopap.ch\/wp-content\/uploads\/2025\/09\/cropped-chromopap.jpg\",\"width\":1280,\"height\":201,\"caption\":\"Chromopap\"},\"image\":{\"@id\":\"https:\/\/chromopap.ch\/fr\/#\/schema\/logo\/image\/\"}}]}<\/script>\n<!-- \/ Yoast SEO plugin. -->","yoast_head_json":{"title":"Politique de confidentialit\u00e9 - Chromopap","robots":{"index":"index","follow":"follow","max-snippet":"max-snippet:-1","max-image-preview":"max-image-preview:large","max-video-preview":"max-video-preview:-1"},"canonical":"https:\/\/chromopap.ch\/fr\/politique-de-confidentialite-2\/","twitter_misc":{"Dur\u00e9e de lecture estim\u00e9e":"4 minutes"},"schema":{"@context":"https:\/\/schema.org","@graph":[{"@type":"WebPage","@id":"https:\/\/chromopap.ch\/fr\/politique-de-confidentialite-2\/","url":"https:\/\/chromopap.ch\/fr\/politique-de-confidentialite-2\/","name":"Politique de confidentialit\u00e9 - Chromopap","isPartOf":{"@id":"https:\/\/chromopap.ch\/fr\/#website"},"datePublished":"2025-09-17T14:34:27+00:00","dateModified":"2025-12-09T15:48:23+00:00","breadcrumb":{"@id":"https:\/\/chromopap.ch\/fr\/politique-de-confidentialite-2\/#breadcrumb"},"inLanguage":"fr-FR","potentialAction":[{"@type":"ReadAction","target":["https:\/\/chromopap.ch\/fr\/politique-de-confidentialite-2\/"]}]},{"@type":"BreadcrumbList","@id":"https:\/\/chromopap.ch\/fr\/politique-de-confidentialite-2\/#breadcrumb","itemListElement":[{"@type":"ListItem","position":1,"name":"Accueil","item":"https:\/\/chromopap.ch\/fr\/"},{"@type":"ListItem","position":2,"name":"Politique de confidentialit\u00e9"}]},{"@type":"WebSite","@id":"https:\/\/chromopap.ch\/fr\/#website","url":"https:\/\/chromopap.ch\/fr\/","name":"Chromopap","description":"","publisher":{"@id":"https:\/\/chromopap.ch\/fr\/#organization"},"potentialAction":[{"@type":"SearchAction","target":{"@type":"EntryPoint","urlTemplate":"https:\/\/chromopap.ch\/fr\/?s={search_term_string}"},"query-input":{"@type":"PropertyValueSpecification","valueRequired":true,"valueName":"search_term_string"}}],"inLanguage":"fr-FR"},{"@type":"Organization","@id":"https:\/\/chromopap.ch\/fr\/#organization","name":"Chromopap","url":"https:\/\/chromopap.ch\/fr\/","logo":{"@type":"ImageObject","inLanguage":"fr-FR","@id":"https:\/\/chromopap.ch\/fr\/#\/schema\/logo\/image\/","url":"https:\/\/chromopap.ch\/wp-content\/uploads\/2025\/09\/cropped-chromopap.jpg","contentUrl":"https:\/\/chromopap.ch\/wp-content\/uploads\/2025\/09\/cropped-chromopap.jpg","width":1280,"height":201,"caption":"Chromopap"},"image":{"@id":"https:\/\/chromopap.ch\/fr\/#\/schema\/logo\/image\/"}}]}},"_links":{"self":[{"href":"https:\/\/chromopap.ch\/fr\/wp-json\/wp\/v2\/pages\/610","targetHints":{"allow":["GET"]}}],"collection":[{"href":"https:\/\/chromopap.ch\/fr\/wp-json\/wp\/v2\/pages"}],"about":[{"href":"https:\/\/chromopap.ch\/fr\/wp-json\/wp\/v2\/types\/page"}],"author":[{"embeddable":true,"href":"https:\/\/chromopap.ch\/fr\/wp-json\/wp\/v2\/users\/1"}],"replies":[{"embeddable":true,"href":"https:\/\/chromopap.ch\/fr\/wp-json\/wp\/v2\/comments?post=610"}],"version-history":[{"count":1,"href":"https:\/\/chromopap.ch\/fr\/wp-json\/wp\/v2\/pages\/610\/revisions"}],"predecessor-version":[{"id":611,"href":"https:\/\/chromopap.ch\/fr\/wp-json\/wp\/v2\/pages\/610\/revisions\/611"}],"wp:attachment":[{"href":"https:\/\/chromopap.ch\/fr\/wp-json\/wp\/v2\/media?parent=610"}],"curies":[{"name":"wp","href":"https:\/\/api.w.org\/{rel}","templated":true}]}}