{"id":688,"date":"2025-09-18T11:54:56","date_gmt":"2025-09-18T11:54:56","guid":{"rendered":"https:\/\/chromopap.ch\/impressions-lenticulaires\/"},"modified":"2026-03-16T16:48:41","modified_gmt":"2026-03-16T16:48:41","slug":"impressions-lenticulaires","status":"publish","type":"page","link":"https:\/\/chromopap.ch\/fr\/impressions-lenticulaires\/","title":{"rendered":"Impressions lenticulaires"},"content":{"rendered":"\n<p>L&rsquo;impression lenticulaire est un proc\u00e9d\u00e9 qui utilise un type sp\u00e9cial de plastique plat et transparent avec une lentille imprim\u00e9e sur une face pour cr\u00e9er deux images diff\u00e9rentes ou plus sur une seule feuille imprim\u00e9e. Le plastique est appel\u00e9 lentille lenticulaire, ce qui signifie qu&rsquo;il poss\u00e8de de minuscules rainures (\u00ab lentilles \u00bb) qui r\u00e9fractent la lumi\u00e8re dans diff\u00e9rentes directions.<\/p>\n\n<div class=\"wp-block-columns is-layout-flex wp-container-core-columns-is-layout-d1eb01ee wp-block-columns-is-layout-flex\" style=\"margin-top:var(--wp--preset--spacing--x-small);margin-bottom:var(--wp--preset--spacing--x-small);padding-right:0;padding-left:0\">\n<div class=\"wp-block-column is-layout-flow wp-block-column-is-layout-flow\">\n<figure class=\"wp-block-image size-large\"><img loading=\"lazy\" decoding=\"async\" width=\"768\" height=\"1024\" src=\"https:\/\/chromopap.ch\/wp-content\/uploads\/2025\/09\/20250925_124119-768x1024.jpg\" alt=\"\" class=\"wp-image-525\" srcset=\"https:\/\/chromopap.ch\/wp-content\/uploads\/2025\/09\/20250925_124119-768x1024.jpg 768w, https:\/\/chromopap.ch\/wp-content\/uploads\/2025\/09\/20250925_124119-225x300.jpg 225w, https:\/\/chromopap.ch\/wp-content\/uploads\/2025\/09\/20250925_124119-2000x2667.jpg 2000w, https:\/\/chromopap.ch\/wp-content\/uploads\/2025\/09\/20250925_124119-scaled.jpg 1920w\" sizes=\"auto, (max-width: 768px) 100vw, 768px\" \/><\/figure>\n<\/div>\n\n\n\n<div class=\"wp-block-column is-layout-flow wp-block-column-is-layout-flow\">\n<figure class=\"wp-block-video\"><\/figure>\n\n\n\n<figure class=\"wp-block-video\"><video height=\"960\" style=\"aspect-ratio: 540 \/ 960;\" width=\"540\" autoplay=\"\" controls=\"\" loop=\"\" muted=\"\" poster=\"https:\/\/chromopap.ch\/wp-content\/uploads\/2025\/09\/rg074_1-1-scaled.jpg\" src=\"https:\/\/chromopap.ch\/wp-content\/uploads\/2025\/09\/20250925_124744-1.mp4\"><\/video><\/figure>\n<\/div>\n<\/div>\n\n<div style=\"height:44px\" aria-hidden=\"true\" class=\"wp-block-spacer\"><\/div>\n\n<p>Nos impressions lenticulaires ont la m\u00eame taille que les originaux (1&#215;1 m\u00e8tre).<\/p>\n\n<p><a href=\"https:\/\/chromopap.ch\/fr\/lentilles-lenticulaires-a-vendre\/\"><strong>Lentilles lenticulaires \u00e0 vendre<\/strong><\/a><\/p>\n\n<p><strong>De nouvelles productions sont possibles \u00e0 tout moment par notre soci\u00e9t\u00e9 partenaire \u00e0 partir de tous les <a href=\"https:\/\/chromopap.ch\/fr\/originaux\/\">originaux<\/a>.<\/strong> Les images \u00e0 contraste \u00e9lev\u00e9\/polychromes sont plus adapt\u00e9es que celles \u00e0 faible contraste\/monochromes.<\/p>\n\n<div style=\"height:51px\" aria-hidden=\"true\" class=\"wp-block-spacer\"><\/div>\n\n<figure class=\"wp-block-gallery has-nested-images columns-default is-cropped wp-block-gallery-1 is-layout-flex wp-block-gallery-is-layout-flex\">\n<figure class=\"wp-block-image size-large\"><img loading=\"lazy\" decoding=\"async\" width=\"500\" height=\"500\" data-id=\"209\" src=\"https:\/\/chromopap.ch\/wp-content\/uploads\/2025\/09\/108Anim.gif\" alt=\"\" class=\"wp-image-209\"\/><\/figure>\n\n\n\n<figure class=\"wp-block-image size-large\"><img loading=\"lazy\" decoding=\"async\" width=\"500\" height=\"500\" data-id=\"203\" src=\"https:\/\/chromopap.ch\/wp-content\/uploads\/2025\/09\/046Anim.gif\" alt=\"\" class=\"wp-image-203\"\/><\/figure>\n\n\n\n<figure class=\"wp-block-image size-large\"><img loading=\"lazy\" decoding=\"async\" width=\"500\" height=\"500\" data-id=\"204\" src=\"https:\/\/chromopap.ch\/wp-content\/uploads\/2025\/09\/049Anim.gif\" alt=\"\" class=\"wp-image-204\"\/><\/figure>\n\n\n\n<figure class=\"wp-block-image size-large\"><img loading=\"lazy\" decoding=\"async\" width=\"500\" height=\"500\" data-id=\"207\" src=\"https:\/\/chromopap.ch\/wp-content\/uploads\/2025\/09\/100Anim.gif\" alt=\"\" class=\"wp-image-207\"\/><\/figure>\n\n\n\n<figure class=\"wp-block-image size-large\"><img loading=\"lazy\" decoding=\"async\" width=\"500\" height=\"500\" data-id=\"208\" src=\"https:\/\/chromopap.ch\/wp-content\/uploads\/2025\/09\/104Anim.gif\" alt=\"\" class=\"wp-image-208\"\/><\/figure>\n\n\n\n<figure class=\"wp-block-image size-large\"><img loading=\"lazy\" decoding=\"async\" width=\"500\" height=\"500\" data-id=\"205\" src=\"https:\/\/chromopap.ch\/wp-content\/uploads\/2025\/09\/052Anim.gif\" alt=\"\" class=\"wp-image-205\"\/><\/figure>\n\n\n\n<figure class=\"wp-block-image size-large\"><img loading=\"lazy\" decoding=\"async\" width=\"500\" height=\"500\" data-id=\"206\" src=\"https:\/\/chromopap.ch\/wp-content\/uploads\/2025\/09\/074Anim.gif\" alt=\"\" class=\"wp-image-206\"\/><\/figure>\n<\/figure>\n\n<div style=\"height:45px\" aria-hidden=\"true\" class=\"wp-block-spacer\"><\/div>\n\n<p>Les impressions lenticulaires sont ensuite mont\u00e9es soit sur Forex (panneaux en plastique plein, blancs et fins), soit sur Dibond (panneau composite fonc\u00e9 en alu-plastique-alu) et dot\u00e9es d\u2019un cadre d\u2019\u00e9cartement carr\u00e9 qui d\u00e9colle l\u2019image du mur de 12 mm.<\/p>\n\n<figure class=\"wp-block-image size-large is-resized\"><img loading=\"lazy\" decoding=\"async\" width=\"1024\" height=\"768\" src=\"https:\/\/chromopap.ch\/wp-content\/uploads\/2026\/03\/WhatsApp-Image-2026-03-08-at-11.49.28-1024x768.jpeg\" alt=\"\" class=\"wp-image-875\" style=\"width:757px;height:auto\" srcset=\"https:\/\/chromopap.ch\/wp-content\/uploads\/2026\/03\/WhatsApp-Image-2026-03-08-at-11.49.28-1024x768.jpeg 1024w, https:\/\/chromopap.ch\/wp-content\/uploads\/2026\/03\/WhatsApp-Image-2026-03-08-at-11.49.28-300x225.jpeg 300w, https:\/\/chromopap.ch\/wp-content\/uploads\/2026\/03\/WhatsApp-Image-2026-03-08-at-11.49.28-2000x1500.jpeg 2000w, https:\/\/chromopap.ch\/wp-content\/uploads\/2026\/03\/WhatsApp-Image-2026-03-08-at-11.49.28.jpeg 2048w\" sizes=\"auto, (max-width: 1024px) 100vw, 1024px\" \/><\/figure>\n\n<figure class=\"wp-block-image size-large is-resized\"><img loading=\"lazy\" decoding=\"async\" width=\"1024\" height=\"658\" src=\"https:\/\/chromopap.ch\/wp-content\/uploads\/2026\/03\/Rahmen-1024x658.png\" alt=\"\" class=\"wp-image-888\" style=\"aspect-ratio:1.5551066785130083;width:757px;height:auto\" srcset=\"https:\/\/chromopap.ch\/wp-content\/uploads\/2026\/03\/Rahmen-1024x658.png 1024w, https:\/\/chromopap.ch\/wp-content\/uploads\/2026\/03\/Rahmen-300x193.png 300w, https:\/\/chromopap.ch\/wp-content\/uploads\/2026\/03\/Rahmen.png 1636w\" sizes=\"auto, (max-width: 1024px) 100vw, 1024px\" \/><\/figure>\n\n<p><\/p>\n\n<p>Les impressions lenticulaires sur les deux mat\u00e9riaux conviennent \u00e9galement \u00e0 une utilisation en ext\u00e9rieur, \u00e0 condition qu&rsquo;elles soient prot\u00e9g\u00e9es des pr\u00e9cipitations et des vents violents.<\/p>\n\n<figure class=\"wp-block-image alignright size-large is-resized\"><img loading=\"lazy\" decoding=\"async\" width=\"1024\" height=\"576\" src=\"https:\/\/chromopap.ch\/wp-content\/uploads\/2025\/09\/20250925_140101-1-1024x576.jpg\" alt=\"\" class=\"wp-image-553\" style=\"width:528px;height:auto\" srcset=\"https:\/\/chromopap.ch\/wp-content\/uploads\/2025\/09\/20250925_140101-1-1024x576.jpg 1024w, https:\/\/chromopap.ch\/wp-content\/uploads\/2025\/09\/20250925_140101-1-300x169.jpg 300w, https:\/\/chromopap.ch\/wp-content\/uploads\/2025\/09\/20250925_140101-1-2000x1125.jpg 2000w\" sizes=\"auto, (max-width: 1024px) 100vw, 1024px\" \/><\/figure>\n\n<div class=\"wp-block-group alignfull has-global-padding is-layout-constrained wp-block-group-is-layout-constrained\">\n<figure class=\"wp-block-image size-large is-resized\"><img loading=\"lazy\" decoding=\"async\" width=\"1024\" height=\"576\" src=\"https:\/\/chromopap.ch\/wp-content\/uploads\/2025\/09\/20250925_130425-1-1024x576.jpg\" alt=\"\" class=\"wp-image-552\" style=\"width:525px;height:auto\" srcset=\"https:\/\/chromopap.ch\/wp-content\/uploads\/2025\/09\/20250925_130425-1-1024x576.jpg 1024w, https:\/\/chromopap.ch\/wp-content\/uploads\/2025\/09\/20250925_130425-1-300x169.jpg 300w, https:\/\/chromopap.ch\/wp-content\/uploads\/2025\/09\/20250925_130425-1-2000x1125.jpg 2000w\" sizes=\"auto, (max-width: 1024px) 100vw, 1024px\" \/><\/figure>\n<\/div>\n\n<div style=\"height:46px\" aria-hidden=\"true\" class=\"wp-block-spacer\"><\/div>\n\n<p><\/p>\n\n<p><\/p>\n","protected":false},"excerpt":{"rendered":"<p>L&rsquo;impression lenticulaire est un proc\u00e9d\u00e9 qui utilise un type sp\u00e9cial de plastique plat et transparent avec une lentille imprim\u00e9e sur une face pour cr\u00e9er deux images diff\u00e9rentes ou plus sur une seule feuille imprim\u00e9e. Le plastique est appel\u00e9 lentille lenticulaire, ce qui signifie qu&rsquo;il poss\u00e8de de minuscules rainures (\u00ab lentilles \u00bb) qui r\u00e9fractent la lumi\u00e8re &hellip; <\/p>\n<p class=\"link-more\"><a href=\"https:\/\/chromopap.ch\/fr\/impressions-lenticulaires\/\" class=\"more-link\">Lire la suite de<span class=\"screen-reader-text\">\u00ab\u00a0Impressions lenticulaires\u00a0\u00bb<\/span><\/a><\/p>\n","protected":false},"author":1,"featured_media":0,"parent":0,"menu_order":0,"comment_status":"closed","ping_status":"closed","template":"","meta":{"footnotes":""},"class_list":["post-688","page","type-page","status-publish","hentry"],"yoast_head":"<!-- This site is optimized with the Yoast SEO plugin v27.4 - https:\/\/yoast.com\/product\/yoast-seo-wordpress\/ -->\n<title>Impressions lenticulaires - Chromopap<\/title>\n<meta name=\"robots\" content=\"index, follow, max-snippet:-1, max-image-preview:large, max-video-preview:-1\" \/>\n<link rel=\"canonical\" href=\"https:\/\/chromopap.ch\/fr\/impressions-lenticulaires\/\" \/>\n<meta name=\"twitter:label1\" content=\"Dur\u00e9e de lecture estim\u00e9e\" \/>\n\t<meta name=\"twitter:data1\" content=\"1 minute\" \/>\n<script type=\"application\/ld+json\" class=\"yoast-schema-graph\">{\"@context\":\"https:\\\/\\\/schema.org\",\"@graph\":[{\"@type\":\"WebPage\",\"@id\":\"https:\\\/\\\/chromopap.ch\\\/fr\\\/impressions-lenticulaires\\\/\",\"url\":\"https:\\\/\\\/chromopap.ch\\\/fr\\\/impressions-lenticulaires\\\/\",\"name\":\"Impressions lenticulaires - Chromopap\",\"isPartOf\":{\"@id\":\"https:\\\/\\\/chromopap.ch\\\/fr\\\/#website\"},\"primaryImageOfPage\":{\"@id\":\"https:\\\/\\\/chromopap.ch\\\/fr\\\/impressions-lenticulaires\\\/#primaryimage\"},\"image\":{\"@id\":\"https:\\\/\\\/chromopap.ch\\\/fr\\\/impressions-lenticulaires\\\/#primaryimage\"},\"thumbnailUrl\":\"https:\\\/\\\/chromopap.ch\\\/wp-content\\\/uploads\\\/2025\\\/09\\\/20250925_124119-768x1024.jpg\",\"datePublished\":\"2025-09-18T11:54:56+00:00\",\"dateModified\":\"2026-03-16T16:48:41+00:00\",\"breadcrumb\":{\"@id\":\"https:\\\/\\\/chromopap.ch\\\/fr\\\/impressions-lenticulaires\\\/#breadcrumb\"},\"inLanguage\":\"fr-FR\",\"potentialAction\":[{\"@type\":\"ReadAction\",\"target\":[\"https:\\\/\\\/chromopap.ch\\\/fr\\\/impressions-lenticulaires\\\/\"]}]},{\"@type\":\"ImageObject\",\"inLanguage\":\"fr-FR\",\"@id\":\"https:\\\/\\\/chromopap.ch\\\/fr\\\/impressions-lenticulaires\\\/#primaryimage\",\"url\":\"https:\\\/\\\/chromopap.ch\\\/wp-content\\\/uploads\\\/2025\\\/09\\\/20250925_124119-768x1024.jpg\",\"contentUrl\":\"https:\\\/\\\/chromopap.ch\\\/wp-content\\\/uploads\\\/2025\\\/09\\\/20250925_124119-768x1024.jpg\"},{\"@type\":\"BreadcrumbList\",\"@id\":\"https:\\\/\\\/chromopap.ch\\\/fr\\\/impressions-lenticulaires\\\/#breadcrumb\",\"itemListElement\":[{\"@type\":\"ListItem\",\"position\":1,\"name\":\"Accueil\",\"item\":\"https:\\\/\\\/chromopap.ch\\\/fr\\\/\"},{\"@type\":\"ListItem\",\"position\":2,\"name\":\"Impressions lenticulaires\"}]},{\"@type\":\"WebSite\",\"@id\":\"https:\\\/\\\/chromopap.ch\\\/fr\\\/#website\",\"url\":\"https:\\\/\\\/chromopap.ch\\\/fr\\\/\",\"name\":\"Chromopap\",\"description\":\"\",\"publisher\":{\"@id\":\"https:\\\/\\\/chromopap.ch\\\/fr\\\/#organization\"},\"potentialAction\":[{\"@type\":\"SearchAction\",\"target\":{\"@type\":\"EntryPoint\",\"urlTemplate\":\"https:\\\/\\\/chromopap.ch\\\/fr\\\/?s={search_term_string}\"},\"query-input\":{\"@type\":\"PropertyValueSpecification\",\"valueRequired\":true,\"valueName\":\"search_term_string\"}}],\"inLanguage\":\"fr-FR\"},{\"@type\":\"Organization\",\"@id\":\"https:\\\/\\\/chromopap.ch\\\/fr\\\/#organization\",\"name\":\"Chromopap\",\"url\":\"https:\\\/\\\/chromopap.ch\\\/fr\\\/\",\"logo\":{\"@type\":\"ImageObject\",\"inLanguage\":\"fr-FR\",\"@id\":\"https:\\\/\\\/chromopap.ch\\\/fr\\\/#\\\/schema\\\/logo\\\/image\\\/\",\"url\":\"https:\\\/\\\/chromopap.ch\\\/wp-content\\\/uploads\\\/2025\\\/09\\\/cropped-chromopap.jpg\",\"contentUrl\":\"https:\\\/\\\/chromopap.ch\\\/wp-content\\\/uploads\\\/2025\\\/09\\\/cropped-chromopap.jpg\",\"width\":1280,\"height\":201,\"caption\":\"Chromopap\"},\"image\":{\"@id\":\"https:\\\/\\\/chromopap.ch\\\/fr\\\/#\\\/schema\\\/logo\\\/image\\\/\"}}]}<\/script>\n<!-- \/ Yoast SEO plugin. -->","yoast_head_json":{"title":"Impressions lenticulaires - Chromopap","robots":{"index":"index","follow":"follow","max-snippet":"max-snippet:-1","max-image-preview":"max-image-preview:large","max-video-preview":"max-video-preview:-1"},"canonical":"https:\/\/chromopap.ch\/fr\/impressions-lenticulaires\/","twitter_misc":{"Dur\u00e9e de lecture estim\u00e9e":"1 minute"},"schema":{"@context":"https:\/\/schema.org","@graph":[{"@type":"WebPage","@id":"https:\/\/chromopap.ch\/fr\/impressions-lenticulaires\/","url":"https:\/\/chromopap.ch\/fr\/impressions-lenticulaires\/","name":"Impressions lenticulaires - Chromopap","isPartOf":{"@id":"https:\/\/chromopap.ch\/fr\/#website"},"primaryImageOfPage":{"@id":"https:\/\/chromopap.ch\/fr\/impressions-lenticulaires\/#primaryimage"},"image":{"@id":"https:\/\/chromopap.ch\/fr\/impressions-lenticulaires\/#primaryimage"},"thumbnailUrl":"https:\/\/chromopap.ch\/wp-content\/uploads\/2025\/09\/20250925_124119-768x1024.jpg","datePublished":"2025-09-18T11:54:56+00:00","dateModified":"2026-03-16T16:48:41+00:00","breadcrumb":{"@id":"https:\/\/chromopap.ch\/fr\/impressions-lenticulaires\/#breadcrumb"},"inLanguage":"fr-FR","potentialAction":[{"@type":"ReadAction","target":["https:\/\/chromopap.ch\/fr\/impressions-lenticulaires\/"]}]},{"@type":"ImageObject","inLanguage":"fr-FR","@id":"https:\/\/chromopap.ch\/fr\/impressions-lenticulaires\/#primaryimage","url":"https:\/\/chromopap.ch\/wp-content\/uploads\/2025\/09\/20250925_124119-768x1024.jpg","contentUrl":"https:\/\/chromopap.ch\/wp-content\/uploads\/2025\/09\/20250925_124119-768x1024.jpg"},{"@type":"BreadcrumbList","@id":"https:\/\/chromopap.ch\/fr\/impressions-lenticulaires\/#breadcrumb","itemListElement":[{"@type":"ListItem","position":1,"name":"Accueil","item":"https:\/\/chromopap.ch\/fr\/"},{"@type":"ListItem","position":2,"name":"Impressions lenticulaires"}]},{"@type":"WebSite","@id":"https:\/\/chromopap.ch\/fr\/#website","url":"https:\/\/chromopap.ch\/fr\/","name":"Chromopap","description":"","publisher":{"@id":"https:\/\/chromopap.ch\/fr\/#organization"},"potentialAction":[{"@type":"SearchAction","target":{"@type":"EntryPoint","urlTemplate":"https:\/\/chromopap.ch\/fr\/?s={search_term_string}"},"query-input":{"@type":"PropertyValueSpecification","valueRequired":true,"valueName":"search_term_string"}}],"inLanguage":"fr-FR"},{"@type":"Organization","@id":"https:\/\/chromopap.ch\/fr\/#organization","name":"Chromopap","url":"https:\/\/chromopap.ch\/fr\/","logo":{"@type":"ImageObject","inLanguage":"fr-FR","@id":"https:\/\/chromopap.ch\/fr\/#\/schema\/logo\/image\/","url":"https:\/\/chromopap.ch\/wp-content\/uploads\/2025\/09\/cropped-chromopap.jpg","contentUrl":"https:\/\/chromopap.ch\/wp-content\/uploads\/2025\/09\/cropped-chromopap.jpg","width":1280,"height":201,"caption":"Chromopap"},"image":{"@id":"https:\/\/chromopap.ch\/fr\/#\/schema\/logo\/image\/"}}]}},"_links":{"self":[{"href":"https:\/\/chromopap.ch\/fr\/wp-json\/wp\/v2\/pages\/688","targetHints":{"allow":["GET"]}}],"collection":[{"href":"https:\/\/chromopap.ch\/fr\/wp-json\/wp\/v2\/pages"}],"about":[{"href":"https:\/\/chromopap.ch\/fr\/wp-json\/wp\/v2\/types\/page"}],"author":[{"embeddable":true,"href":"https:\/\/chromopap.ch\/fr\/wp-json\/wp\/v2\/users\/1"}],"replies":[{"embeddable":true,"href":"https:\/\/chromopap.ch\/fr\/wp-json\/wp\/v2\/comments?post=688"}],"version-history":[{"count":9,"href":"https:\/\/chromopap.ch\/fr\/wp-json\/wp\/v2\/pages\/688\/revisions"}],"predecessor-version":[{"id":891,"href":"https:\/\/chromopap.ch\/fr\/wp-json\/wp\/v2\/pages\/688\/revisions\/891"}],"wp:attachment":[{"href":"https:\/\/chromopap.ch\/fr\/wp-json\/wp\/v2\/media?parent=688"}],"curies":[{"name":"wp","href":"https:\/\/api.w.org\/{rel}","templated":true}]}}