{"id":699,"date":"2025-09-23T16:51:36","date_gmt":"2025-09-23T16:51:36","guid":{"rendered":"https:\/\/chromopap.ch\/art-dans-la-construction\/"},"modified":"2026-01-22T18:03:55","modified_gmt":"2026-01-22T18:03:55","slug":"art-dans-la-construction","status":"publish","type":"page","link":"https:\/\/chromopap.ch\/fr\/art-dans-la-construction\/","title":{"rendered":"Art dans la construction"},"content":{"rendered":"\n<p><strong>1973<\/strong> Tapisserie (14m<sup>2<\/sup>) \/ Centre paroissial de Neum\u00fcnster, Zurich<\/p>\n\n\n\n<p><strong>1979<\/strong> Tapisserie (22m<sup>2<\/sup>) \/ Fondation Friedheim, Weinfelden<\/p>\n\n\n\n<p><strong>1979<\/strong> Peinture murale (16m<sup>2<\/sup>) \/ Spaltenstein AG, Oerlikon<\/p>\n\n\n\n<p><strong>1979<\/strong> Peinture murale (42m<sup>2<\/sup>) \/ Cr\u00e9dit Suisse, Zurich Kreditanstalt, Zurich<\/p>\n\n\n\n<p><strong>1981<\/strong> Orgue de couleurs, tubes \u00e9maill\u00e9s (18m<sup>2<\/sup>) \/ \u00c9cole cantonale, Wetzikon<\/p>\n\n\n\n<p><strong>1981<\/strong> Panneaux \u00e9maill\u00e9s (80m<sup>2<\/sup>) \/ ALPHA AG, Zurich<\/p>\n\n\n\n<p><strong>1982<\/strong> Panneaux \u00e9maill\u00e9s (12m<sup>2<\/sup>) \/ PFIZER AG, Zurich<\/p>\n\n\n\n<p><strong>1983<\/strong> Panneaux \u00e9maill\u00e9s (12m<sup>2<\/sup>) \/ IBM, Kloten<\/p>\n\n\n\n<p><strong>1985<\/strong> Peinture murale (40m<sup>2<\/sup>) \/ H\u00f4pital de la vall\u00e9e de la Limmat, Urdorf<\/p>\n\n\n\n<p><strong>1987<\/strong> Reih+Glied, fontaine en acier chrom\u00e9 (4x4x7m) \/ Place d&rsquo;armes Reppischtal, Birmensdorf<\/p>\n\n\n\n<figure class=\"wp-block-image size-large is-resized\"><img loading=\"lazy\" decoding=\"async\" width=\"1024\" height=\"638\" src=\"https:\/\/chromopap.ch\/wp-content\/uploads\/2025\/09\/Brunnen-Kaserne-Reppischtal-1024x638.jpg\" alt=\"\" class=\"wp-image-373\" style=\"width:706px;height:auto\" srcset=\"https:\/\/chromopap.ch\/wp-content\/uploads\/2025\/09\/Brunnen-Kaserne-Reppischtal-1024x638.jpg 1024w, https:\/\/chromopap.ch\/wp-content\/uploads\/2025\/09\/Brunnen-Kaserne-Reppischtal-300x187.jpg 300w, https:\/\/chromopap.ch\/wp-content\/uploads\/2025\/09\/Brunnen-Kaserne-Reppischtal-2000x1245.jpg 2000w\" sizes=\"auto, (max-width: 1024px) 100vw, 1024px\" \/><\/figure>\n\n\n\n<p><strong>1991<\/strong> Grille spatiale, sculpture en acier chrom\u00e9 (3x3x4m) \/ TELEKURS, Zurich<\/p>\n\n\n\n<figure class=\"wp-block-image size-large is-resized\"><img loading=\"lazy\" decoding=\"async\" width=\"1024\" height=\"768\" src=\"https:\/\/chromopap.ch\/wp-content\/uploads\/2025\/09\/Raumgitter-Telekurs-1024x768.jpg\" alt=\"\" class=\"wp-image-376\" style=\"width:779px;height:auto\" srcset=\"https:\/\/chromopap.ch\/wp-content\/uploads\/2025\/09\/Raumgitter-Telekurs-1024x768.jpg 1024w, https:\/\/chromopap.ch\/wp-content\/uploads\/2025\/09\/Raumgitter-Telekurs-300x225.jpg 300w, https:\/\/chromopap.ch\/wp-content\/uploads\/2025\/09\/Raumgitter-Telekurs.jpg 1181w\" sizes=\"auto, (max-width: 1024px) 100vw, 1024px\" \/><\/figure>\n","protected":false},"excerpt":{"rendered":"<p>1973 Tapisserie (14m2) \/ Centre paroissial de Neum\u00fcnster, Zurich 1979 Tapisserie (22m2) \/ Fondation Friedheim, Weinfelden 1979 Peinture murale (16m2) \/ Spaltenstein AG, Oerlikon 1979 Peinture murale (42m2) \/ Cr\u00e9dit Suisse, Zurich Kreditanstalt, Zurich 1981 Orgue de couleurs, tubes \u00e9maill\u00e9s (18m2) \/ \u00c9cole cantonale, Wetzikon 1981 Panneaux \u00e9maill\u00e9s (80m2) \/ ALPHA AG, Zurich 1982 Panneaux &hellip; <\/p>\n<p class=\"link-more\"><a href=\"https:\/\/chromopap.ch\/fr\/art-dans-la-construction\/\" class=\"more-link\">Lire la suite de<span class=\"screen-reader-text\">\u00ab\u00a0Art dans la construction\u00a0\u00bb<\/span><\/a><\/p>\n","protected":false},"author":2,"featured_media":0,"parent":0,"menu_order":0,"comment_status":"closed","ping_status":"closed","template":"","meta":{"footnotes":""},"class_list":["post-699","page","type-page","status-publish","hentry"],"yoast_head":"<!-- This site is optimized with the Yoast SEO plugin v27.4 - https:\/\/yoast.com\/product\/yoast-seo-wordpress\/ -->\n<title>Art dans la construction - Chromopap<\/title>\n<meta name=\"robots\" content=\"index, follow, max-snippet:-1, max-image-preview:large, max-video-preview:-1\" \/>\n<link rel=\"canonical\" href=\"https:\/\/chromopap.ch\/fr\/art-dans-la-construction\/\" \/>\n<meta name=\"twitter:label1\" content=\"Dur\u00e9e de lecture estim\u00e9e\" \/>\n\t<meta name=\"twitter:data1\" content=\"2 minutes\" \/>\n<script type=\"application\/ld+json\" class=\"yoast-schema-graph\">{\"@context\":\"https:\\\/\\\/schema.org\",\"@graph\":[{\"@type\":\"WebPage\",\"@id\":\"https:\\\/\\\/chromopap.ch\\\/fr\\\/art-dans-la-construction\\\/\",\"url\":\"https:\\\/\\\/chromopap.ch\\\/fr\\\/art-dans-la-construction\\\/\",\"name\":\"Art dans la construction - Chromopap\",\"isPartOf\":{\"@id\":\"https:\\\/\\\/chromopap.ch\\\/fr\\\/#website\"},\"primaryImageOfPage\":{\"@id\":\"https:\\\/\\\/chromopap.ch\\\/fr\\\/art-dans-la-construction\\\/#primaryimage\"},\"image\":{\"@id\":\"https:\\\/\\\/chromopap.ch\\\/fr\\\/art-dans-la-construction\\\/#primaryimage\"},\"thumbnailUrl\":\"https:\\\/\\\/chromopap.ch\\\/wp-content\\\/uploads\\\/2025\\\/09\\\/Brunnen-Kaserne-Reppischtal-1024x638.jpg\",\"datePublished\":\"2025-09-23T16:51:36+00:00\",\"dateModified\":\"2026-01-22T18:03:55+00:00\",\"breadcrumb\":{\"@id\":\"https:\\\/\\\/chromopap.ch\\\/fr\\\/art-dans-la-construction\\\/#breadcrumb\"},\"inLanguage\":\"fr-FR\",\"potentialAction\":[{\"@type\":\"ReadAction\",\"target\":[\"https:\\\/\\\/chromopap.ch\\\/fr\\\/art-dans-la-construction\\\/\"]}]},{\"@type\":\"ImageObject\",\"inLanguage\":\"fr-FR\",\"@id\":\"https:\\\/\\\/chromopap.ch\\\/fr\\\/art-dans-la-construction\\\/#primaryimage\",\"url\":\"https:\\\/\\\/chromopap.ch\\\/wp-content\\\/uploads\\\/2025\\\/09\\\/Brunnen-Kaserne-Reppischtal-1024x638.jpg\",\"contentUrl\":\"https:\\\/\\\/chromopap.ch\\\/wp-content\\\/uploads\\\/2025\\\/09\\\/Brunnen-Kaserne-Reppischtal-1024x638.jpg\"},{\"@type\":\"BreadcrumbList\",\"@id\":\"https:\\\/\\\/chromopap.ch\\\/fr\\\/art-dans-la-construction\\\/#breadcrumb\",\"itemListElement\":[{\"@type\":\"ListItem\",\"position\":1,\"name\":\"Accueil\",\"item\":\"https:\\\/\\\/chromopap.ch\\\/fr\\\/\"},{\"@type\":\"ListItem\",\"position\":2,\"name\":\"Art dans la construction\"}]},{\"@type\":\"WebSite\",\"@id\":\"https:\\\/\\\/chromopap.ch\\\/fr\\\/#website\",\"url\":\"https:\\\/\\\/chromopap.ch\\\/fr\\\/\",\"name\":\"Chromopap\",\"description\":\"\",\"publisher\":{\"@id\":\"https:\\\/\\\/chromopap.ch\\\/fr\\\/#organization\"},\"potentialAction\":[{\"@type\":\"SearchAction\",\"target\":{\"@type\":\"EntryPoint\",\"urlTemplate\":\"https:\\\/\\\/chromopap.ch\\\/fr\\\/?s={search_term_string}\"},\"query-input\":{\"@type\":\"PropertyValueSpecification\",\"valueRequired\":true,\"valueName\":\"search_term_string\"}}],\"inLanguage\":\"fr-FR\"},{\"@type\":\"Organization\",\"@id\":\"https:\\\/\\\/chromopap.ch\\\/fr\\\/#organization\",\"name\":\"Chromopap\",\"url\":\"https:\\\/\\\/chromopap.ch\\\/fr\\\/\",\"logo\":{\"@type\":\"ImageObject\",\"inLanguage\":\"fr-FR\",\"@id\":\"https:\\\/\\\/chromopap.ch\\\/fr\\\/#\\\/schema\\\/logo\\\/image\\\/\",\"url\":\"https:\\\/\\\/chromopap.ch\\\/wp-content\\\/uploads\\\/2025\\\/09\\\/cropped-chromopap.jpg\",\"contentUrl\":\"https:\\\/\\\/chromopap.ch\\\/wp-content\\\/uploads\\\/2025\\\/09\\\/cropped-chromopap.jpg\",\"width\":1280,\"height\":201,\"caption\":\"Chromopap\"},\"image\":{\"@id\":\"https:\\\/\\\/chromopap.ch\\\/fr\\\/#\\\/schema\\\/logo\\\/image\\\/\"}}]}<\/script>\n<!-- \/ Yoast SEO plugin. -->","yoast_head_json":{"title":"Art dans la construction - Chromopap","robots":{"index":"index","follow":"follow","max-snippet":"max-snippet:-1","max-image-preview":"max-image-preview:large","max-video-preview":"max-video-preview:-1"},"canonical":"https:\/\/chromopap.ch\/fr\/art-dans-la-construction\/","twitter_misc":{"Dur\u00e9e de lecture estim\u00e9e":"2 minutes"},"schema":{"@context":"https:\/\/schema.org","@graph":[{"@type":"WebPage","@id":"https:\/\/chromopap.ch\/fr\/art-dans-la-construction\/","url":"https:\/\/chromopap.ch\/fr\/art-dans-la-construction\/","name":"Art dans la construction - Chromopap","isPartOf":{"@id":"https:\/\/chromopap.ch\/fr\/#website"},"primaryImageOfPage":{"@id":"https:\/\/chromopap.ch\/fr\/art-dans-la-construction\/#primaryimage"},"image":{"@id":"https:\/\/chromopap.ch\/fr\/art-dans-la-construction\/#primaryimage"},"thumbnailUrl":"https:\/\/chromopap.ch\/wp-content\/uploads\/2025\/09\/Brunnen-Kaserne-Reppischtal-1024x638.jpg","datePublished":"2025-09-23T16:51:36+00:00","dateModified":"2026-01-22T18:03:55+00:00","breadcrumb":{"@id":"https:\/\/chromopap.ch\/fr\/art-dans-la-construction\/#breadcrumb"},"inLanguage":"fr-FR","potentialAction":[{"@type":"ReadAction","target":["https:\/\/chromopap.ch\/fr\/art-dans-la-construction\/"]}]},{"@type":"ImageObject","inLanguage":"fr-FR","@id":"https:\/\/chromopap.ch\/fr\/art-dans-la-construction\/#primaryimage","url":"https:\/\/chromopap.ch\/wp-content\/uploads\/2025\/09\/Brunnen-Kaserne-Reppischtal-1024x638.jpg","contentUrl":"https:\/\/chromopap.ch\/wp-content\/uploads\/2025\/09\/Brunnen-Kaserne-Reppischtal-1024x638.jpg"},{"@type":"BreadcrumbList","@id":"https:\/\/chromopap.ch\/fr\/art-dans-la-construction\/#breadcrumb","itemListElement":[{"@type":"ListItem","position":1,"name":"Accueil","item":"https:\/\/chromopap.ch\/fr\/"},{"@type":"ListItem","position":2,"name":"Art dans la construction"}]},{"@type":"WebSite","@id":"https:\/\/chromopap.ch\/fr\/#website","url":"https:\/\/chromopap.ch\/fr\/","name":"Chromopap","description":"","publisher":{"@id":"https:\/\/chromopap.ch\/fr\/#organization"},"potentialAction":[{"@type":"SearchAction","target":{"@type":"EntryPoint","urlTemplate":"https:\/\/chromopap.ch\/fr\/?s={search_term_string}"},"query-input":{"@type":"PropertyValueSpecification","valueRequired":true,"valueName":"search_term_string"}}],"inLanguage":"fr-FR"},{"@type":"Organization","@id":"https:\/\/chromopap.ch\/fr\/#organization","name":"Chromopap","url":"https:\/\/chromopap.ch\/fr\/","logo":{"@type":"ImageObject","inLanguage":"fr-FR","@id":"https:\/\/chromopap.ch\/fr\/#\/schema\/logo\/image\/","url":"https:\/\/chromopap.ch\/wp-content\/uploads\/2025\/09\/cropped-chromopap.jpg","contentUrl":"https:\/\/chromopap.ch\/wp-content\/uploads\/2025\/09\/cropped-chromopap.jpg","width":1280,"height":201,"caption":"Chromopap"},"image":{"@id":"https:\/\/chromopap.ch\/fr\/#\/schema\/logo\/image\/"}}]}},"_links":{"self":[{"href":"https:\/\/chromopap.ch\/fr\/wp-json\/wp\/v2\/pages\/699","targetHints":{"allow":["GET"]}}],"collection":[{"href":"https:\/\/chromopap.ch\/fr\/wp-json\/wp\/v2\/pages"}],"about":[{"href":"https:\/\/chromopap.ch\/fr\/wp-json\/wp\/v2\/types\/page"}],"author":[{"embeddable":true,"href":"https:\/\/chromopap.ch\/fr\/wp-json\/wp\/v2\/users\/2"}],"replies":[{"embeddable":true,"href":"https:\/\/chromopap.ch\/fr\/wp-json\/wp\/v2\/comments?post=699"}],"version-history":[{"count":2,"href":"https:\/\/chromopap.ch\/fr\/wp-json\/wp\/v2\/pages\/699\/revisions"}],"predecessor-version":[{"id":785,"href":"https:\/\/chromopap.ch\/fr\/wp-json\/wp\/v2\/pages\/699\/revisions\/785"}],"wp:attachment":[{"href":"https:\/\/chromopap.ch\/fr\/wp-json\/wp\/v2\/media?parent=699"}],"curies":[{"name":"wp","href":"https:\/\/api.w.org\/{rel}","templated":true}]}}