{"id":709,"date":"2025-09-23T15:12:29","date_gmt":"2025-09-23T15:12:29","guid":{"rendered":"https:\/\/chromopap.ch\/expositions\/"},"modified":"2026-01-22T18:03:01","modified_gmt":"2026-01-22T18:03:01","slug":"expositions","status":"publish","type":"page","link":"https:\/\/chromopap.ch\/fr\/expositions\/","title":{"rendered":"Expositions"},"content":{"rendered":"\n<p><strong>1975<\/strong> Galerie Jacques Isler, Gockhausen <em>(<strong>exposition individuelle<\/strong>)<\/em><\/p>\n\n\n\n<p>Werkgalerie, Wil <em>(<strong>exposition individuelle<\/strong>)<\/em><\/p>\n\n\n\n<p>Galerie Commercio, Zurich <em>(<strong>exposition collective<\/strong>)<\/em><\/p>\n\n\n\n<p><strong>1976 <\/strong> Galerie G\u00fctschli, Stallikon <em>(<strong>exposition individuelle<\/strong>)<\/em><\/p>\n\n\n\n<p>Galerie Commercio, Zurich <em>(<strong>exposition collective<\/strong>)<\/em><\/p>\n\n\n\n<p>Galerie B\u00fcrdeke, Zurich <em>(<strong>exposition collective<\/strong>)<\/em><\/p>\n\n\n\n<p><strong>1977 <\/strong> Z\u00fcri-Land, Uster <em>(<strong>exposition collective<\/strong>)<\/em><\/p>\n\n\n\n<p>Galerie Brauerei-Ch\u00e4ller, Laufen <em>(<strong>exposition individuelle<\/strong>)<\/em><\/p>\n\n\n\n<p>Galerie M\u00fcnsterberg, B\u00e2le <em>(<strong>exposition individuelle<\/strong>)<\/em><\/p>\n\n\n\n<p>Galerie Altstadthaus, Bischofzell <em>(<strong>exposition collective<\/strong>)<\/em><\/p>\n\n\n\n<p>Galerie Commercio, Zurich <em>(<strong>exposition collective<\/strong>)<\/em><\/p>\n\n\n\n<p>Kunstszene Z\u00fcrich, Zurich <em>(<strong>exposition collective<\/strong>)<\/em><\/p>\n\n\n\n<p><strong>1978<\/strong> Galerie B\u00fcrdeke, Zurich <em>(<strong>exposition individuelle<\/strong>)<\/em><\/p>\n\n\n\n<p>Gemeindezentrum, Birmensdorf <em>(<strong>exposition collective<\/strong>)<\/em><\/p>\n\n\n\n<p>Z\u00fcri-Land, K\u00fcsnacht <em>(<strong>exposition collective<\/strong>)<\/em><\/p>\n\n\n\n<p>Galerie M\u00fcnsterberg, B\u00e2le <em>(<strong>exposition individuelle<\/strong>)<\/em><\/p>\n\n\n\n<p>SBG-Pavillon Wird, Zurich <em>(<strong>exposition collective<\/strong>)<\/em><\/p>\n\n\n\n<p>Galerie im Hof, R\u00fcschlikon <em>(<strong>exposition collective<\/strong>)<\/em><\/p>\n\n\n\n<p><strong>1979 <\/strong> Atelier Greter, Gutenswil <em>(<strong>exposition collective<\/strong>)<\/em><\/p>\n\n\n\n<p><strong>1980<\/strong> Galerie im Hof, R\u00fcschlikon <em>(<strong>exposition collective<\/strong>)<\/em><\/p>\n\n\n\n<p>Galerie B\u00fcrdeke, Zurich <em>(<strong>exposition individuelle<\/strong>)<\/em><\/p>\n\n\n\n<p>Galerie Ambiance, Lucerne <em>(<strong>exposition individuelle<\/strong>)<\/em><\/p>\n\n\n\n<p>Galerie M\u00fcnsterberg, B\u00e2le <em>(<strong>exposition individuelle<\/strong>)<\/em><\/p>\n\n\n\n<p>Kunstszene Z\u00fcrich, Zurich <em>(<strong>exposition collective<\/strong>)<\/em><\/p>\n\n\n\n<p><strong>1982<\/strong> Galerie B\u00fcrdeke, Zurich <em>(<strong>exposition individuelle<\/strong>)<\/em><\/p>\n\n\n\n<p>Schloss Landenberg, Arbon <em>(<strong>exposition collective<\/strong>)<\/em><\/p>\n\n\n\n<p><strong>1983<\/strong> K\u00fcnstlerhuus Amt, Mettmenstetten <em>(<strong>exposition collective<\/strong>)<\/em><\/p>\n\n\n\n<p><strong>1984<\/strong> Galerie Walcheturm, Zurich <em>(<strong>exposition individuelle<\/strong>)<\/em><\/p>\n\n\n\n<p><strong>1985<\/strong> Galerie Vista Nova, Zurich <em>(<strong>exposition collective<\/strong>)<\/em><\/p>\n\n\n\n<p>Galerie Gegenwart, Bonstetten <em>(<strong>exposition individuelle<\/strong>)<\/em><\/p>\n\n\n\n<p><strong>1987 <\/strong> Galerie Gegenwart, Bonstetten <em>(<strong>exposition individuelle<\/strong>)<\/em><\/p>\n\n\n\n<p><strong>1988 <\/strong> Galerie Brauerei-Ch\u00e4ller, Laufen <em>(<strong>exposition individuelle<\/strong>)<\/em><\/p>\n\n\n\n<p><strong>1990<\/strong> Galerie Susanne M\u00e4usli, Zurich <em>(<strong>exposition individuelle<\/strong>)<\/em><\/p>\n\n\n\n<p><strong>1995<\/strong> Galerie Junkere 43, Berne <em>(<strong>exposition individuelle<\/strong>)<\/em><\/p>\n\n\n\n<p><strong>2017<\/strong> Galerie Alts Schlachthuus \/ Kulturforum, Laufen <em>(<strong>exposition individuelle<\/strong>)<\/em><\/p>\n\n\n\n<p>&nbsp;&nbsp;&nbsp;&nbsp;&nbsp;&nbsp;<\/p>\n","protected":false},"excerpt":{"rendered":"<p>1975 Galerie Jacques Isler, Gockhausen (exposition individuelle) Werkgalerie, Wil (exposition individuelle) Galerie Commercio, Zurich (exposition collective) 1976 Galerie G\u00fctschli, Stallikon (exposition individuelle) Galerie Commercio, Zurich (exposition collective) Galerie B\u00fcrdeke, Zurich (exposition collective) 1977 Z\u00fcri-Land, Uster (exposition collective) Galerie Brauerei-Ch\u00e4ller, Laufen (exposition individuelle) Galerie M\u00fcnsterberg, B\u00e2le (exposition individuelle) Galerie Altstadthaus, Bischofzell (exposition collective) Galerie Commercio, Zurich &hellip; <\/p>\n<p class=\"link-more\"><a href=\"https:\/\/chromopap.ch\/fr\/expositions\/\" class=\"more-link\">Lire la suite de<span class=\"screen-reader-text\">\u00ab\u00a0Expositions\u00a0\u00bb<\/span><\/a><\/p>\n","protected":false},"author":2,"featured_media":0,"parent":0,"menu_order":0,"comment_status":"closed","ping_status":"closed","template":"","meta":{"footnotes":""},"class_list":["post-709","page","type-page","status-publish","hentry"],"yoast_head":"<!-- This site is optimized with the Yoast SEO plugin v27.4 - https:\/\/yoast.com\/product\/yoast-seo-wordpress\/ -->\n<title>Expositions - Chromopap<\/title>\n<meta name=\"robots\" content=\"index, follow, max-snippet:-1, max-image-preview:large, max-video-preview:-1\" \/>\n<link rel=\"canonical\" href=\"https:\/\/chromopap.ch\/fr\/expositions\/\" \/>\n<meta name=\"twitter:label1\" content=\"Dur\u00e9e de lecture estim\u00e9e\" \/>\n\t<meta name=\"twitter:data1\" content=\"2 minutes\" \/>\n<script type=\"application\/ld+json\" class=\"yoast-schema-graph\">{\"@context\":\"https:\\\/\\\/schema.org\",\"@graph\":[{\"@type\":\"WebPage\",\"@id\":\"https:\\\/\\\/chromopap.ch\\\/fr\\\/expositions\\\/\",\"url\":\"https:\\\/\\\/chromopap.ch\\\/fr\\\/expositions\\\/\",\"name\":\"Expositions - Chromopap\",\"isPartOf\":{\"@id\":\"https:\\\/\\\/chromopap.ch\\\/fr\\\/#website\"},\"datePublished\":\"2025-09-23T15:12:29+00:00\",\"dateModified\":\"2026-01-22T18:03:01+00:00\",\"breadcrumb\":{\"@id\":\"https:\\\/\\\/chromopap.ch\\\/fr\\\/expositions\\\/#breadcrumb\"},\"inLanguage\":\"fr-FR\",\"potentialAction\":[{\"@type\":\"ReadAction\",\"target\":[\"https:\\\/\\\/chromopap.ch\\\/fr\\\/expositions\\\/\"]}]},{\"@type\":\"BreadcrumbList\",\"@id\":\"https:\\\/\\\/chromopap.ch\\\/fr\\\/expositions\\\/#breadcrumb\",\"itemListElement\":[{\"@type\":\"ListItem\",\"position\":1,\"name\":\"Accueil\",\"item\":\"https:\\\/\\\/chromopap.ch\\\/fr\\\/\"},{\"@type\":\"ListItem\",\"position\":2,\"name\":\"Expositions\"}]},{\"@type\":\"WebSite\",\"@id\":\"https:\\\/\\\/chromopap.ch\\\/fr\\\/#website\",\"url\":\"https:\\\/\\\/chromopap.ch\\\/fr\\\/\",\"name\":\"Chromopap\",\"description\":\"\",\"publisher\":{\"@id\":\"https:\\\/\\\/chromopap.ch\\\/fr\\\/#organization\"},\"potentialAction\":[{\"@type\":\"SearchAction\",\"target\":{\"@type\":\"EntryPoint\",\"urlTemplate\":\"https:\\\/\\\/chromopap.ch\\\/fr\\\/?s={search_term_string}\"},\"query-input\":{\"@type\":\"PropertyValueSpecification\",\"valueRequired\":true,\"valueName\":\"search_term_string\"}}],\"inLanguage\":\"fr-FR\"},{\"@type\":\"Organization\",\"@id\":\"https:\\\/\\\/chromopap.ch\\\/fr\\\/#organization\",\"name\":\"Chromopap\",\"url\":\"https:\\\/\\\/chromopap.ch\\\/fr\\\/\",\"logo\":{\"@type\":\"ImageObject\",\"inLanguage\":\"fr-FR\",\"@id\":\"https:\\\/\\\/chromopap.ch\\\/fr\\\/#\\\/schema\\\/logo\\\/image\\\/\",\"url\":\"https:\\\/\\\/chromopap.ch\\\/wp-content\\\/uploads\\\/2025\\\/09\\\/cropped-chromopap.jpg\",\"contentUrl\":\"https:\\\/\\\/chromopap.ch\\\/wp-content\\\/uploads\\\/2025\\\/09\\\/cropped-chromopap.jpg\",\"width\":1280,\"height\":201,\"caption\":\"Chromopap\"},\"image\":{\"@id\":\"https:\\\/\\\/chromopap.ch\\\/fr\\\/#\\\/schema\\\/logo\\\/image\\\/\"}}]}<\/script>\n<!-- \/ Yoast SEO plugin. -->","yoast_head_json":{"title":"Expositions - Chromopap","robots":{"index":"index","follow":"follow","max-snippet":"max-snippet:-1","max-image-preview":"max-image-preview:large","max-video-preview":"max-video-preview:-1"},"canonical":"https:\/\/chromopap.ch\/fr\/expositions\/","twitter_misc":{"Dur\u00e9e de lecture estim\u00e9e":"2 minutes"},"schema":{"@context":"https:\/\/schema.org","@graph":[{"@type":"WebPage","@id":"https:\/\/chromopap.ch\/fr\/expositions\/","url":"https:\/\/chromopap.ch\/fr\/expositions\/","name":"Expositions - Chromopap","isPartOf":{"@id":"https:\/\/chromopap.ch\/fr\/#website"},"datePublished":"2025-09-23T15:12:29+00:00","dateModified":"2026-01-22T18:03:01+00:00","breadcrumb":{"@id":"https:\/\/chromopap.ch\/fr\/expositions\/#breadcrumb"},"inLanguage":"fr-FR","potentialAction":[{"@type":"ReadAction","target":["https:\/\/chromopap.ch\/fr\/expositions\/"]}]},{"@type":"BreadcrumbList","@id":"https:\/\/chromopap.ch\/fr\/expositions\/#breadcrumb","itemListElement":[{"@type":"ListItem","position":1,"name":"Accueil","item":"https:\/\/chromopap.ch\/fr\/"},{"@type":"ListItem","position":2,"name":"Expositions"}]},{"@type":"WebSite","@id":"https:\/\/chromopap.ch\/fr\/#website","url":"https:\/\/chromopap.ch\/fr\/","name":"Chromopap","description":"","publisher":{"@id":"https:\/\/chromopap.ch\/fr\/#organization"},"potentialAction":[{"@type":"SearchAction","target":{"@type":"EntryPoint","urlTemplate":"https:\/\/chromopap.ch\/fr\/?s={search_term_string}"},"query-input":{"@type":"PropertyValueSpecification","valueRequired":true,"valueName":"search_term_string"}}],"inLanguage":"fr-FR"},{"@type":"Organization","@id":"https:\/\/chromopap.ch\/fr\/#organization","name":"Chromopap","url":"https:\/\/chromopap.ch\/fr\/","logo":{"@type":"ImageObject","inLanguage":"fr-FR","@id":"https:\/\/chromopap.ch\/fr\/#\/schema\/logo\/image\/","url":"https:\/\/chromopap.ch\/wp-content\/uploads\/2025\/09\/cropped-chromopap.jpg","contentUrl":"https:\/\/chromopap.ch\/wp-content\/uploads\/2025\/09\/cropped-chromopap.jpg","width":1280,"height":201,"caption":"Chromopap"},"image":{"@id":"https:\/\/chromopap.ch\/fr\/#\/schema\/logo\/image\/"}}]}},"_links":{"self":[{"href":"https:\/\/chromopap.ch\/fr\/wp-json\/wp\/v2\/pages\/709","targetHints":{"allow":["GET"]}}],"collection":[{"href":"https:\/\/chromopap.ch\/fr\/wp-json\/wp\/v2\/pages"}],"about":[{"href":"https:\/\/chromopap.ch\/fr\/wp-json\/wp\/v2\/types\/page"}],"author":[{"embeddable":true,"href":"https:\/\/chromopap.ch\/fr\/wp-json\/wp\/v2\/users\/2"}],"replies":[{"embeddable":true,"href":"https:\/\/chromopap.ch\/fr\/wp-json\/wp\/v2\/comments?post=709"}],"version-history":[{"count":2,"href":"https:\/\/chromopap.ch\/fr\/wp-json\/wp\/v2\/pages\/709\/revisions"}],"predecessor-version":[{"id":783,"href":"https:\/\/chromopap.ch\/fr\/wp-json\/wp\/v2\/pages\/709\/revisions\/783"}],"wp:attachment":[{"href":"https:\/\/chromopap.ch\/fr\/wp-json\/wp\/v2\/media?parent=709"}],"curies":[{"name":"wp","href":"https:\/\/api.w.org\/{rel}","templated":true}]}}