{"id":725,"date":"2025-09-18T11:55:30","date_gmt":"2025-09-18T11:55:30","guid":{"rendered":"https:\/\/chromopap.ch\/a-propos-durban-cueni\/"},"modified":"2025-09-18T11:55:30","modified_gmt":"2025-09-18T11:55:30","slug":"a-propos-durban-cueni","status":"publish","type":"page","link":"https:\/\/chromopap.ch\/fr\/a-propos-durban-cueni\/","title":{"rendered":"\u00c0 propos d&rsquo;Urban Cueni"},"content":{"rendered":"<p><img loading=\"lazy\" decoding=\"async\" class=\"alignnone wp-image-223\" src=\"https:\/\/chromopap.ch\/wp-content\/uploads\/2025\/09\/je-300x201.jpg\" alt=\"\" width=\"430\" height=\"288\" srcset=\"https:\/\/chromopap.ch\/wp-content\/uploads\/2025\/09\/je-300x201.jpg 300w, https:\/\/chromopap.ch\/wp-content\/uploads\/2025\/09\/je-1024x685.jpg 1024w, https:\/\/chromopap.ch\/wp-content\/uploads\/2025\/09\/je-2000x1338.jpg 2000w\" sizes=\"auto, (max-width: 430px) 100vw, 430px\" \/><\/p>\n<p><span style=\"font-size: 14pt;\"><strong>Urban Cueni <\/strong>(*1939 \u00e0 Laufen, BL)<\/span><\/p>\n<p><strong>Tout est vibration<\/strong>. La vibration s&rsquo;exprime dans les relations r\u00e9ciproques. Ceci est particuli\u00e8rement vrai en ce qui concerne les couleurs, les formes et les volumes. L&rsquo;\u0153uvre d&rsquo;Urban Cueni repose sur cette pr\u00e9misse. Son parcours artistique l&rsquo;a men\u00e9 du noir et blanc aux dessins color\u00e9s, des images couleur bidimensionnelles (suppression de la perspective) aux images monochromes (tout en conservant une couleur de r\u00e9f\u00e9rence !) et finalement \u00e0 la revitalisation des couleurs en incluant la couleur compl\u00e9mentaire.<\/p>\n<p><a href=\"https:\/\/chromopap.ch\/fr\/expositions\/\">Expositions d&rsquo;Urban Cueni<\/a><\/p>\n<p><a href=\"https:\/\/chromopap.ch\/fr\/art-dans-la-construction\/\">Art int\u00e9gr\u00e9 au b\u00e2timent par Urban Cueni<\/a><\/p>\n<p><a href=\"https:\/\/chromopap.ch\/fr\/galerie\/\">Galerie d&rsquo;\u0153uvres d&rsquo;Urban Cueni<\/a><\/p>\n","protected":false},"excerpt":{"rendered":"<p>Urban Cueni (*1939 \u00e0 Laufen, BL) Tout est vibration. La vibration s&rsquo;exprime dans les relations r\u00e9ciproques. Ceci est particuli\u00e8rement vrai en ce qui concerne les couleurs, les formes et les volumes. L&rsquo;\u0153uvre d&rsquo;Urban Cueni repose sur cette pr\u00e9misse. Son parcours artistique l&rsquo;a men\u00e9 du noir et blanc aux dessins color\u00e9s, des images couleur bidimensionnelles (suppression &hellip; <\/p>\n<p class=\"link-more\"><a href=\"https:\/\/chromopap.ch\/fr\/a-propos-durban-cueni\/\" class=\"more-link\">Lire la suite de<span class=\"screen-reader-text\">\u00ab\u00a0\u00c0 propos d&rsquo;Urban Cueni\u00a0\u00bb<\/span><\/a><\/p>\n","protected":false},"author":1,"featured_media":0,"parent":0,"menu_order":0,"comment_status":"closed","ping_status":"closed","template":"","meta":{"footnotes":""},"class_list":["post-725","page","type-page","status-publish","hentry"],"yoast_head":"<!-- This site is optimized with the Yoast SEO plugin v27.4 - https:\/\/yoast.com\/product\/yoast-seo-wordpress\/ -->\n<title>\u00c0 propos d&#039;Urban Cueni - Chromopap<\/title>\n<meta name=\"robots\" content=\"index, follow, max-snippet:-1, max-image-preview:large, max-video-preview:-1\" \/>\n<link rel=\"canonical\" href=\"https:\/\/chromopap.ch\/fr\/a-propos-durban-cueni\/\" \/>\n<meta name=\"twitter:label1\" content=\"Dur\u00e9e de lecture estim\u00e9e\" \/>\n\t<meta name=\"twitter:data1\" content=\"1 minute\" \/>\n<script type=\"application\/ld+json\" class=\"yoast-schema-graph\">{\"@context\":\"https:\\\/\\\/schema.org\",\"@graph\":[{\"@type\":\"WebPage\",\"@id\":\"https:\\\/\\\/chromopap.ch\\\/fr\\\/a-propos-durban-cueni\\\/\",\"url\":\"https:\\\/\\\/chromopap.ch\\\/fr\\\/a-propos-durban-cueni\\\/\",\"name\":\"\u00c0 propos d'Urban Cueni - Chromopap\",\"isPartOf\":{\"@id\":\"https:\\\/\\\/chromopap.ch\\\/fr\\\/#website\"},\"primaryImageOfPage\":{\"@id\":\"https:\\\/\\\/chromopap.ch\\\/fr\\\/a-propos-durban-cueni\\\/#primaryimage\"},\"image\":{\"@id\":\"https:\\\/\\\/chromopap.ch\\\/fr\\\/a-propos-durban-cueni\\\/#primaryimage\"},\"thumbnailUrl\":\"https:\\\/\\\/chromopap.ch\\\/wp-content\\\/uploads\\\/2025\\\/09\\\/je-300x201.jpg\",\"datePublished\":\"2025-09-18T11:55:30+00:00\",\"breadcrumb\":{\"@id\":\"https:\\\/\\\/chromopap.ch\\\/fr\\\/a-propos-durban-cueni\\\/#breadcrumb\"},\"inLanguage\":\"fr-FR\",\"potentialAction\":[{\"@type\":\"ReadAction\",\"target\":[\"https:\\\/\\\/chromopap.ch\\\/fr\\\/a-propos-durban-cueni\\\/\"]}]},{\"@type\":\"ImageObject\",\"inLanguage\":\"fr-FR\",\"@id\":\"https:\\\/\\\/chromopap.ch\\\/fr\\\/a-propos-durban-cueni\\\/#primaryimage\",\"url\":\"https:\\\/\\\/chromopap.ch\\\/wp-content\\\/uploads\\\/2025\\\/09\\\/je-300x201.jpg\",\"contentUrl\":\"https:\\\/\\\/chromopap.ch\\\/wp-content\\\/uploads\\\/2025\\\/09\\\/je-300x201.jpg\"},{\"@type\":\"BreadcrumbList\",\"@id\":\"https:\\\/\\\/chromopap.ch\\\/fr\\\/a-propos-durban-cueni\\\/#breadcrumb\",\"itemListElement\":[{\"@type\":\"ListItem\",\"position\":1,\"name\":\"Accueil\",\"item\":\"https:\\\/\\\/chromopap.ch\\\/fr\\\/\"},{\"@type\":\"ListItem\",\"position\":2,\"name\":\"\u00c0 propos d&rsquo;Urban Cueni\"}]},{\"@type\":\"WebSite\",\"@id\":\"https:\\\/\\\/chromopap.ch\\\/fr\\\/#website\",\"url\":\"https:\\\/\\\/chromopap.ch\\\/fr\\\/\",\"name\":\"Chromopap\",\"description\":\"\",\"publisher\":{\"@id\":\"https:\\\/\\\/chromopap.ch\\\/fr\\\/#organization\"},\"potentialAction\":[{\"@type\":\"SearchAction\",\"target\":{\"@type\":\"EntryPoint\",\"urlTemplate\":\"https:\\\/\\\/chromopap.ch\\\/fr\\\/?s={search_term_string}\"},\"query-input\":{\"@type\":\"PropertyValueSpecification\",\"valueRequired\":true,\"valueName\":\"search_term_string\"}}],\"inLanguage\":\"fr-FR\"},{\"@type\":\"Organization\",\"@id\":\"https:\\\/\\\/chromopap.ch\\\/fr\\\/#organization\",\"name\":\"Chromopap\",\"url\":\"https:\\\/\\\/chromopap.ch\\\/fr\\\/\",\"logo\":{\"@type\":\"ImageObject\",\"inLanguage\":\"fr-FR\",\"@id\":\"https:\\\/\\\/chromopap.ch\\\/fr\\\/#\\\/schema\\\/logo\\\/image\\\/\",\"url\":\"https:\\\/\\\/chromopap.ch\\\/wp-content\\\/uploads\\\/2025\\\/09\\\/cropped-chromopap.jpg\",\"contentUrl\":\"https:\\\/\\\/chromopap.ch\\\/wp-content\\\/uploads\\\/2025\\\/09\\\/cropped-chromopap.jpg\",\"width\":1280,\"height\":201,\"caption\":\"Chromopap\"},\"image\":{\"@id\":\"https:\\\/\\\/chromopap.ch\\\/fr\\\/#\\\/schema\\\/logo\\\/image\\\/\"}}]}<\/script>\n<!-- \/ Yoast SEO plugin. -->","yoast_head_json":{"title":"\u00c0 propos d'Urban Cueni - Chromopap","robots":{"index":"index","follow":"follow","max-snippet":"max-snippet:-1","max-image-preview":"max-image-preview:large","max-video-preview":"max-video-preview:-1"},"canonical":"https:\/\/chromopap.ch\/fr\/a-propos-durban-cueni\/","twitter_misc":{"Dur\u00e9e de lecture estim\u00e9e":"1 minute"},"schema":{"@context":"https:\/\/schema.org","@graph":[{"@type":"WebPage","@id":"https:\/\/chromopap.ch\/fr\/a-propos-durban-cueni\/","url":"https:\/\/chromopap.ch\/fr\/a-propos-durban-cueni\/","name":"\u00c0 propos d'Urban Cueni - Chromopap","isPartOf":{"@id":"https:\/\/chromopap.ch\/fr\/#website"},"primaryImageOfPage":{"@id":"https:\/\/chromopap.ch\/fr\/a-propos-durban-cueni\/#primaryimage"},"image":{"@id":"https:\/\/chromopap.ch\/fr\/a-propos-durban-cueni\/#primaryimage"},"thumbnailUrl":"https:\/\/chromopap.ch\/wp-content\/uploads\/2025\/09\/je-300x201.jpg","datePublished":"2025-09-18T11:55:30+00:00","breadcrumb":{"@id":"https:\/\/chromopap.ch\/fr\/a-propos-durban-cueni\/#breadcrumb"},"inLanguage":"fr-FR","potentialAction":[{"@type":"ReadAction","target":["https:\/\/chromopap.ch\/fr\/a-propos-durban-cueni\/"]}]},{"@type":"ImageObject","inLanguage":"fr-FR","@id":"https:\/\/chromopap.ch\/fr\/a-propos-durban-cueni\/#primaryimage","url":"https:\/\/chromopap.ch\/wp-content\/uploads\/2025\/09\/je-300x201.jpg","contentUrl":"https:\/\/chromopap.ch\/wp-content\/uploads\/2025\/09\/je-300x201.jpg"},{"@type":"BreadcrumbList","@id":"https:\/\/chromopap.ch\/fr\/a-propos-durban-cueni\/#breadcrumb","itemListElement":[{"@type":"ListItem","position":1,"name":"Accueil","item":"https:\/\/chromopap.ch\/fr\/"},{"@type":"ListItem","position":2,"name":"\u00c0 propos d&rsquo;Urban Cueni"}]},{"@type":"WebSite","@id":"https:\/\/chromopap.ch\/fr\/#website","url":"https:\/\/chromopap.ch\/fr\/","name":"Chromopap","description":"","publisher":{"@id":"https:\/\/chromopap.ch\/fr\/#organization"},"potentialAction":[{"@type":"SearchAction","target":{"@type":"EntryPoint","urlTemplate":"https:\/\/chromopap.ch\/fr\/?s={search_term_string}"},"query-input":{"@type":"PropertyValueSpecification","valueRequired":true,"valueName":"search_term_string"}}],"inLanguage":"fr-FR"},{"@type":"Organization","@id":"https:\/\/chromopap.ch\/fr\/#organization","name":"Chromopap","url":"https:\/\/chromopap.ch\/fr\/","logo":{"@type":"ImageObject","inLanguage":"fr-FR","@id":"https:\/\/chromopap.ch\/fr\/#\/schema\/logo\/image\/","url":"https:\/\/chromopap.ch\/wp-content\/uploads\/2025\/09\/cropped-chromopap.jpg","contentUrl":"https:\/\/chromopap.ch\/wp-content\/uploads\/2025\/09\/cropped-chromopap.jpg","width":1280,"height":201,"caption":"Chromopap"},"image":{"@id":"https:\/\/chromopap.ch\/fr\/#\/schema\/logo\/image\/"}}]}},"_links":{"self":[{"href":"https:\/\/chromopap.ch\/fr\/wp-json\/wp\/v2\/pages\/725","targetHints":{"allow":["GET"]}}],"collection":[{"href":"https:\/\/chromopap.ch\/fr\/wp-json\/wp\/v2\/pages"}],"about":[{"href":"https:\/\/chromopap.ch\/fr\/wp-json\/wp\/v2\/types\/page"}],"author":[{"embeddable":true,"href":"https:\/\/chromopap.ch\/fr\/wp-json\/wp\/v2\/users\/1"}],"replies":[{"embeddable":true,"href":"https:\/\/chromopap.ch\/fr\/wp-json\/wp\/v2\/comments?post=725"}],"version-history":[{"count":0,"href":"https:\/\/chromopap.ch\/fr\/wp-json\/wp\/v2\/pages\/725\/revisions"}],"wp:attachment":[{"href":"https:\/\/chromopap.ch\/fr\/wp-json\/wp\/v2\/media?parent=725"}],"curies":[{"name":"wp","href":"https:\/\/api.w.org\/{rel}","templated":true}]}}